{"id":16,"date":"2022-02-26T12:48:51","date_gmt":"2022-02-26T11:48:51","guid":{"rendered":"http:\/\/condat-cantal-peche.com\/?page_id=16"},"modified":"2022-02-28T19:11:40","modified_gmt":"2022-02-28T18:11:40","slug":"bienvenu-dans-le-cantal","status":"publish","type":"page","link":"https:\/\/condat-cantal-peche.com\/index.php\/bienvenu-dans-le-cantal\/","title":{"rendered":"Accueil"},"content":{"rendered":"<h2 class=\"has-text-align-center wp-block-heading\"><strong><em>Bienvenu dans le Cantal<\/em><\/strong><\/h2><div style=\"height:33px\" aria-hidden=\"true\" class=\"wp-block-spacer\"><\/div><h2 class=\"has-text-align-center wp-block-heading\"><strong><em>Vous avez toujours r\u00eav\u00e9 de p\u00eacher sur un volcan&nbsp;?<\/em><\/strong><\/h2><div style=\"height:32px\" aria-hidden=\"true\" class=\"wp-block-spacer\"><\/div><div style=\"height:33px\" aria-hidden=\"true\" class=\"wp-block-spacer\"><\/div><div class=\"wp-block-columns is-layout-flex wp-container-core-columns-is-layout-9d6595d7 wp-block-columns-is-layout-flex\"><div class=\"wp-block-column is-layout-flow wp-block-column-is-layout-flow\"><figure class=\"wp-block-image size-large\"><img data-recalc-dims=\"1\" loading=\"lazy\" decoding=\"async\" width=\"1024\" height=\"683\" src=\"https:\/\/i0.wp.com\/condat-cantal-peche.com\/wp-content\/uploads\/2022\/02\/puy-mary-dans-le-cantal-avec-LGC-Sarah-CROZEMARIE.jpg?resize=1024%2C683&#038;ssl=1\" alt=\"p\u00eachez sur le plus grand volcan d'europe avec AAPPMA de Condat Rhue et Santoire\" class=\"wp-image-65\" srcset=\"https:\/\/i0.wp.com\/condat-cantal-peche.com\/wp-content\/uploads\/2022\/02\/puy-mary-dans-le-cantal-avec-LGC-Sarah-CROZEMARIE.jpg?resize=1024%2C683&amp;ssl=1 1024w, https:\/\/i0.wp.com\/condat-cantal-peche.com\/wp-content\/uploads\/2022\/02\/puy-mary-dans-le-cantal-avec-LGC-Sarah-CROZEMARIE.jpg?resize=300%2C200&amp;ssl=1 300w, https:\/\/i0.wp.com\/condat-cantal-peche.com\/wp-content\/uploads\/2022\/02\/puy-mary-dans-le-cantal-avec-LGC-Sarah-CROZEMARIE.jpg?resize=768%2C512&amp;ssl=1 768w, https:\/\/i0.wp.com\/condat-cantal-peche.com\/wp-content\/uploads\/2022\/02\/puy-mary-dans-le-cantal-avec-LGC-Sarah-CROZEMARIE.jpg?resize=1536%2C1024&amp;ssl=1 1536w, https:\/\/i0.wp.com\/condat-cantal-peche.com\/wp-content\/uploads\/2022\/02\/puy-mary-dans-le-cantal-avec-LGC-Sarah-CROZEMARIE.jpg?w=1920&amp;ssl=1 1920w\" sizes=\"auto, (max-width: 1024px) 100vw, 1024px\" \/><\/figure><\/div>\n\n<div class=\"wp-block-column is-layout-flow wp-block-column-is-layout-flow\"><blockquote class=\"wp-block-quote is-layout-flow wp-block-quote-is-layout-flow\"><p>Bienvenu dans le Cantal ! Au c\u0153ur des <a href=\"http:\/\/www.cantalauvergne.com\/\" target=\"_blank\" rel=\"noreferrer noopener\">Monts du Cantal<\/a>, venez profitez d&rsquo;un petit paradis pour la p\u00eache dans le Cantal. Chez nous, c&rsquo;est la p\u00eache au grand air. Le terrain de jeu est immense et la nature magnifique. Profitez de votre session de p\u00eache, vous avez les pieds sur le plus grand volcan d&rsquo;Europe !<\/p><\/blockquote><\/div><\/div><div style=\"height:25px\" aria-hidden=\"true\" class=\"wp-block-spacer\"><\/div><div class=\"wp-block-columns is-layout-flex wp-container-core-columns-is-layout-9d6595d7 wp-block-columns-is-layout-flex\"><div class=\"wp-block-column is-layout-flow wp-block-column-is-layout-flow\"><figure class=\"wp-block-image size-full\"><img data-recalc-dims=\"1\" loading=\"lazy\" decoding=\"async\" width=\"500\" height=\"300\" src=\"https:\/\/i0.wp.com\/condat-cantal-peche.com\/wp-content\/uploads\/2022\/02\/parcours-no-kill-dans-le-cantal-aappma-condat-rhue-et-santoire-cantal-auvergne.png?resize=500%2C300&#038;ssl=1\" alt=\"d\u00e9couvrez les parcours no kill de AAPPMA Condat Rhue et Santoire\" class=\"wp-image-73\" srcset=\"https:\/\/i0.wp.com\/condat-cantal-peche.com\/wp-content\/uploads\/2022\/02\/parcours-no-kill-dans-le-cantal-aappma-condat-rhue-et-santoire-cantal-auvergne.png?w=500&amp;ssl=1 500w, https:\/\/i0.wp.com\/condat-cantal-peche.com\/wp-content\/uploads\/2022\/02\/parcours-no-kill-dans-le-cantal-aappma-condat-rhue-et-santoire-cantal-auvergne.png?resize=300%2C180&amp;ssl=1 300w\" sizes=\"auto, (max-width: 500px) 100vw, 500px\" \/><\/figure><\/div>\n\n<div class=\"wp-block-column is-layout-flow wp-block-column-is-layout-flow\"><figure class=\"wp-block-image size-full\"><img data-recalc-dims=\"1\" loading=\"lazy\" decoding=\"async\" width=\"500\" height=\"300\" src=\"https:\/\/i0.wp.com\/condat-cantal-peche.com\/wp-content\/uploads\/2022\/02\/atelier-peche-nature-aappma-condat-rhue-et-santoire-cantal-auvergne.png?resize=500%2C300&#038;ssl=1\" alt=\"\u00e9cole de p\u00eache dans le Cantal - AAPPMA Condat\" class=\"wp-image-71\" srcset=\"https:\/\/i0.wp.com\/condat-cantal-peche.com\/wp-content\/uploads\/2022\/02\/atelier-peche-nature-aappma-condat-rhue-et-santoire-cantal-auvergne.png?w=500&amp;ssl=1 500w, https:\/\/i0.wp.com\/condat-cantal-peche.com\/wp-content\/uploads\/2022\/02\/atelier-peche-nature-aappma-condat-rhue-et-santoire-cantal-auvergne.png?resize=300%2C180&amp;ssl=1 300w\" sizes=\"auto, (max-width: 500px) 100vw, 500px\" \/><\/figure><\/div>\n\n<div class=\"wp-block-column is-layout-flow wp-block-column-is-layout-flow\"><figure class=\"wp-block-image size-full\"><img data-recalc-dims=\"1\" loading=\"lazy\" decoding=\"async\" width=\"500\" height=\"300\" src=\"https:\/\/i0.wp.com\/condat-cantal-peche.com\/wp-content\/uploads\/2022\/02\/votre-carte-de-peche-avec-AAPPMA-de-Condat-aappma-condat-rhue-et-santoire-cantal-auvergne.png?resize=500%2C300&#038;ssl=1\" alt=\"\" class=\"wp-image-75\" srcset=\"https:\/\/i0.wp.com\/condat-cantal-peche.com\/wp-content\/uploads\/2022\/02\/votre-carte-de-peche-avec-AAPPMA-de-Condat-aappma-condat-rhue-et-santoire-cantal-auvergne.png?w=500&amp;ssl=1 500w, https:\/\/i0.wp.com\/condat-cantal-peche.com\/wp-content\/uploads\/2022\/02\/votre-carte-de-peche-avec-AAPPMA-de-Condat-aappma-condat-rhue-et-santoire-cantal-auvergne.png?resize=300%2C180&amp;ssl=1 300w\" sizes=\"auto, (max-width: 500px) 100vw, 500px\" \/><\/figure><\/div><\/div><div class=\"wp-block-columns is-layout-flex wp-container-core-columns-is-layout-9d6595d7 wp-block-columns-is-layout-flex\"><div class=\"wp-block-column is-layout-flow wp-block-column-is-layout-flow\"><div style=\"height:20px\" aria-hidden=\"true\" class=\"wp-block-spacer\"><\/div>\n\n<h2 class=\"has-text-align-left wp-block-heading\"><a href=\"https:\/\/condat-cantal-peche.com\/index.php\/no-kill-de-condat-dans-le-cantal\/\">Parcours No Kill<\/a><\/h2><\/div>\n\n<div class=\"wp-block-column is-layout-flow wp-block-column-is-layout-flow\"><div style=\"height:20px\" aria-hidden=\"true\" class=\"wp-block-spacer\"><\/div>\n\n<h2 class=\"wp-block-heading\"><a href=\"https:\/\/condat-cantal-peche.com\/index.php\/ecole-de-peche-dans-le-cantal\/\">\u00c9cole de p\u00eache<\/a><\/h2><\/div>\n\n<div class=\"wp-block-column is-layout-flow wp-block-column-is-layout-flow\"><div style=\"height:20px\" aria-hidden=\"true\" class=\"wp-block-spacer\"><\/div>\n\n<h2 class=\"wp-block-heading\"><a href=\"https:\/\/condat-cantal-peche.com\/index.php\/vos-cartes-de-peche-avec-aappma-de-condat\/\">Carte de p\u00eache<\/a><\/h2><\/div><\/div><div style=\"height:20px\" aria-hidden=\"true\" class=\"wp-block-spacer\"><\/div><p class=\"has-drop-cap\">P\u00eachez dans le Cantal, c&rsquo;est p\u00eacher dans un territoire magnifique. Chez nous, c&rsquo;est la nature \u00e0 l&rsquo;\u00e9tat pur. Retrouvez quelques spots incontournables de la p\u00eache dans le Cantal dans cette vid\u00e9o. Elle a \u00e9t\u00e9 produite par la f\u00e9d\u00e9ration de p\u00eache du Cantal. Un moment de pur bonheur ! Bienvenu chez nous, bienvenu dans le Cantal !<\/p><figure class=\"wp-block-embed is-type-video is-provider-youtube wp-block-embed-youtube wp-embed-aspect-16-9 wp-has-aspect-ratio\"><div class=\"wp-block-embed__wrapper\">\n<div class=\"jetpack-video-wrapper\"><iframe loading=\"lazy\" title=\"LA P\u00caCHE SUR UN VOLCAN, DANS LE CANTAL\" width=\"1170\" height=\"658\" src=\"https:\/\/www.youtube.com\/embed\/cWhbuOVbAqg?feature=oembed\" frameborder=\"0\" allow=\"accelerometer; autoplay; clipboard-write; encrypted-media; gyroscope; picture-in-picture\" allowfullscreen><\/iframe><\/div>\n<\/div><\/figure><div style=\"height:20px\" aria-hidden=\"true\" class=\"wp-block-spacer\"><\/div><p class=\"has-drop-cap\">Chez nous, c&rsquo;est aussi partager des moments d&rsquo;exception. Tout au long de l&rsquo;ann\u00e9e, nous proposons des actions o\u00f9 nous nous retrouvons. C&rsquo;est le cas des op\u00e9rations nettoyage de la rivi\u00e8re ou encore des ateliers p\u00eache nature. Nous avons \u00e0 c\u0153ur de \u0153uvrer \u00e0 la valorisation de sport de loisir qu&rsquo;est la p\u00eache. Chacun \u00e0 notre \u00e9chelle, nous pouvons travailler \u00e0 la valorisation de notre milieu piscicole du Cantal ainsi qu&rsquo;\u00e0 la promotion de la p\u00eache sportive. <\/p>","protected":false},"excerpt":{"rendered":"<p>Bienvenu dans le Cantal Vous avez toujours r\u00eav\u00e9 de p\u00eacher sur un volcan&nbsp;? Bienvenu dans le Cantal ! Au c\u0153ur des Monts du Cantal, venez profitez d&rsquo;un petit paradis pour la p\u00eache dans le Cantal. Chez nous, c&rsquo;est la p\u00eache au grand air. Le terrain de jeu est immense et la nature magnifique. Profitez de [&hellip;]<\/p>\n","protected":false},"author":1,"featured_media":0,"parent":0,"menu_order":0,"comment_status":"closed","ping_status":"closed","template":"","meta":{"footnotes":""},"class_list":["post-16","page","type-page","status-publish","hentry"],"yoast_head":"<!-- This site is optimized with the Yoast SEO plugin v27.5 - https:\/\/yoast.com\/product\/yoast-seo-wordpress\/ -->\n<title>Accueil - AAPPMA de Condat - Rhue &amp; Santoire<\/title>\n<meta name=\"description\" content=\"Bienvenu dans le Cantal avec l&#039;AAPPMA de Condat Rhue et Santoire. Une association dynamique dans le nord Cantal.\" \/>\n<meta name=\"robots\" content=\"index, follow, max-snippet:-1, max-image-preview:large, max-video-preview:-1\" \/>\n<link rel=\"canonical\" href=\"https:\/\/condat-cantal-peche.com\/index.php\/bienvenu-dans-le-cantal\/\" \/>\n<meta property=\"og:locale\" content=\"fr_FR\" \/>\n<meta property=\"og:type\" content=\"article\" \/>\n<meta property=\"og:title\" content=\"p\u00eache dans le Cantal\" \/>\n<meta property=\"og:description\" content=\"D\u00e9couvrez la p\u00eache dans le Cantal avec l&#039;AAPPMA de Condat Rhue et Santoire. Une association dynamique dans le nord Cantal.\" \/>\n<meta property=\"og:url\" content=\"https:\/\/condat-cantal-peche.com\/index.php\/bienvenu-dans-le-cantal\/\" \/>\n<meta property=\"og:site_name\" content=\"AAPPMA de Condat - Rhue &amp; Santoire\" \/>\n<meta property=\"article:modified_time\" content=\"2022-02-28T18:11:40+00:00\" \/>\n<meta property=\"og:image\" content=\"https:\/\/condat-cantal-peche.com\/wp-content\/uploads\/2022\/02\/peche-en-riviere-AAPPMA-Condat-Rhue-et-Santoire.jpg\" \/>\n\t<meta property=\"og:image:width\" content=\"500\" \/>\n\t<meta property=\"og:image:height\" content=\"332\" \/>\n\t<meta property=\"og:image:type\" content=\"image\/jpeg\" \/>\n<meta name=\"twitter:card\" content=\"summary_large_image\" \/>\n<meta name=\"twitter:label1\" content=\"Dur\u00e9e de lecture estim\u00e9e\" \/>\n\t<meta name=\"twitter:data1\" content=\"2 minutes\" \/>\n<script type=\"application\/ld+json\" class=\"yoast-schema-graph\">{\"@context\":\"https:\\\/\\\/schema.org\",\"@graph\":[{\"@type\":\"WebPage\",\"@id\":\"https:\\\/\\\/condat-cantal-peche.com\\\/index.php\\\/bienvenu-dans-le-cantal\\\/\",\"url\":\"https:\\\/\\\/condat-cantal-peche.com\\\/index.php\\\/bienvenu-dans-le-cantal\\\/\",\"name\":\"Accueil - AAPPMA de Condat - Rhue &amp; Santoire\",\"isPartOf\":{\"@id\":\"https:\\\/\\\/condat-cantal-peche.com\\\/#website\"},\"primaryImageOfPage\":{\"@id\":\"https:\\\/\\\/condat-cantal-peche.com\\\/index.php\\\/bienvenu-dans-le-cantal\\\/#primaryimage\"},\"image\":{\"@id\":\"https:\\\/\\\/condat-cantal-peche.com\\\/index.php\\\/bienvenu-dans-le-cantal\\\/#primaryimage\"},\"thumbnailUrl\":\"http:\\\/\\\/condat-cantal-peche.com\\\/wp-content\\\/uploads\\\/2022\\\/02\\\/puy-mary-dans-le-cantal-avec-LGC-Sarah-CROZEMARIE-1024x683.jpg\",\"datePublished\":\"2022-02-26T11:48:51+00:00\",\"dateModified\":\"2022-02-28T18:11:40+00:00\",\"description\":\"Bienvenu dans le Cantal avec l'AAPPMA de Condat Rhue et Santoire. Une association dynamique dans le nord Cantal.\",\"breadcrumb\":{\"@id\":\"https:\\\/\\\/condat-cantal-peche.com\\\/index.php\\\/bienvenu-dans-le-cantal\\\/#breadcrumb\"},\"inLanguage\":\"fr-FR\",\"potentialAction\":[{\"@type\":\"ReadAction\",\"target\":[\"https:\\\/\\\/condat-cantal-peche.com\\\/index.php\\\/bienvenu-dans-le-cantal\\\/\"]}]},{\"@type\":\"ImageObject\",\"inLanguage\":\"fr-FR\",\"@id\":\"https:\\\/\\\/condat-cantal-peche.com\\\/index.php\\\/bienvenu-dans-le-cantal\\\/#primaryimage\",\"url\":\"http:\\\/\\\/condat-cantal-peche.com\\\/wp-content\\\/uploads\\\/2022\\\/02\\\/puy-mary-dans-le-cantal-avec-LGC-Sarah-CROZEMARIE-1024x683.jpg\",\"contentUrl\":\"http:\\\/\\\/condat-cantal-peche.com\\\/wp-content\\\/uploads\\\/2022\\\/02\\\/puy-mary-dans-le-cantal-avec-LGC-Sarah-CROZEMARIE-1024x683.jpg\"},{\"@type\":\"BreadcrumbList\",\"@id\":\"https:\\\/\\\/condat-cantal-peche.com\\\/index.php\\\/bienvenu-dans-le-cantal\\\/#breadcrumb\",\"itemListElement\":[{\"@type\":\"ListItem\",\"position\":1,\"name\":\"Accueil\",\"item\":\"https:\\\/\\\/condat-cantal-peche.com\\\/\"},{\"@type\":\"ListItem\",\"position\":2,\"name\":\"Accueil\"}]},{\"@type\":\"WebSite\",\"@id\":\"https:\\\/\\\/condat-cantal-peche.com\\\/#website\",\"url\":\"https:\\\/\\\/condat-cantal-peche.com\\\/\",\"name\":\"AAPPMA de Condat - Rhue &amp; Santoire\",\"description\":\"La p\u00eache dans le Cantal\",\"publisher\":{\"@id\":\"https:\\\/\\\/condat-cantal-peche.com\\\/#organization\"},\"potentialAction\":[{\"@type\":\"SearchAction\",\"target\":{\"@type\":\"EntryPoint\",\"urlTemplate\":\"https:\\\/\\\/condat-cantal-peche.com\\\/?s={search_term_string}\"},\"query-input\":{\"@type\":\"PropertyValueSpecification\",\"valueRequired\":true,\"valueName\":\"search_term_string\"}}],\"inLanguage\":\"fr-FR\"},{\"@type\":\"Organization\",\"@id\":\"https:\\\/\\\/condat-cantal-peche.com\\\/#organization\",\"name\":\"AAPPMA de Condat - Rhue &amp; Santoire\",\"url\":\"https:\\\/\\\/condat-cantal-peche.com\\\/\",\"logo\":{\"@type\":\"ImageObject\",\"inLanguage\":\"fr-FR\",\"@id\":\"https:\\\/\\\/condat-cantal-peche.com\\\/#\\\/schema\\\/logo\\\/image\\\/\",\"url\":\"https:\\\/\\\/i0.wp.com\\\/condat-cantal-peche.com\\\/wp-content\\\/uploads\\\/2022\\\/02\\\/cropped-Logo_RECTIFIE-AAPPMA_Condat_en_long_v2-3.jpg?fit=2325%2C917&ssl=1\",\"contentUrl\":\"https:\\\/\\\/i0.wp.com\\\/condat-cantal-peche.com\\\/wp-content\\\/uploads\\\/2022\\\/02\\\/cropped-Logo_RECTIFIE-AAPPMA_Condat_en_long_v2-3.jpg?fit=2325%2C917&ssl=1\",\"width\":2325,\"height\":917,\"caption\":\"AAPPMA de Condat - Rhue &amp; Santoire\"},\"image\":{\"@id\":\"https:\\\/\\\/condat-cantal-peche.com\\\/#\\\/schema\\\/logo\\\/image\\\/\"}}]}<\/script>\n<!-- \/ Yoast SEO plugin. -->","yoast_head_json":{"title":"Accueil - AAPPMA de Condat - Rhue &amp; Santoire","description":"Bienvenu dans le Cantal avec l'AAPPMA de Condat Rhue et Santoire. Une association dynamique dans le nord Cantal.","robots":{"index":"index","follow":"follow","max-snippet":"max-snippet:-1","max-image-preview":"max-image-preview:large","max-video-preview":"max-video-preview:-1"},"canonical":"https:\/\/condat-cantal-peche.com\/index.php\/bienvenu-dans-le-cantal\/","og_locale":"fr_FR","og_type":"article","og_title":"p\u00eache dans le Cantal","og_description":"D\u00e9couvrez la p\u00eache dans le Cantal avec l'AAPPMA de Condat Rhue et Santoire. Une association dynamique dans le nord Cantal.","og_url":"https:\/\/condat-cantal-peche.com\/index.php\/bienvenu-dans-le-cantal\/","og_site_name":"AAPPMA de Condat - Rhue &amp; Santoire","article_modified_time":"2022-02-28T18:11:40+00:00","og_image":[{"width":500,"height":332,"url":"https:\/\/condat-cantal-peche.com\/wp-content\/uploads\/2022\/02\/peche-en-riviere-AAPPMA-Condat-Rhue-et-Santoire.jpg","type":"image\/jpeg"}],"twitter_card":"summary_large_image","twitter_misc":{"Dur\u00e9e de lecture estim\u00e9e":"2 minutes"},"schema":{"@context":"https:\/\/schema.org","@graph":[{"@type":"WebPage","@id":"https:\/\/condat-cantal-peche.com\/index.php\/bienvenu-dans-le-cantal\/","url":"https:\/\/condat-cantal-peche.com\/index.php\/bienvenu-dans-le-cantal\/","name":"Accueil - AAPPMA de Condat - Rhue &amp; Santoire","isPartOf":{"@id":"https:\/\/condat-cantal-peche.com\/#website"},"primaryImageOfPage":{"@id":"https:\/\/condat-cantal-peche.com\/index.php\/bienvenu-dans-le-cantal\/#primaryimage"},"image":{"@id":"https:\/\/condat-cantal-peche.com\/index.php\/bienvenu-dans-le-cantal\/#primaryimage"},"thumbnailUrl":"http:\/\/condat-cantal-peche.com\/wp-content\/uploads\/2022\/02\/puy-mary-dans-le-cantal-avec-LGC-Sarah-CROZEMARIE-1024x683.jpg","datePublished":"2022-02-26T11:48:51+00:00","dateModified":"2022-02-28T18:11:40+00:00","description":"Bienvenu dans le Cantal avec l'AAPPMA de Condat Rhue et Santoire. Une association dynamique dans le nord Cantal.","breadcrumb":{"@id":"https:\/\/condat-cantal-peche.com\/index.php\/bienvenu-dans-le-cantal\/#breadcrumb"},"inLanguage":"fr-FR","potentialAction":[{"@type":"ReadAction","target":["https:\/\/condat-cantal-peche.com\/index.php\/bienvenu-dans-le-cantal\/"]}]},{"@type":"ImageObject","inLanguage":"fr-FR","@id":"https:\/\/condat-cantal-peche.com\/index.php\/bienvenu-dans-le-cantal\/#primaryimage","url":"http:\/\/condat-cantal-peche.com\/wp-content\/uploads\/2022\/02\/puy-mary-dans-le-cantal-avec-LGC-Sarah-CROZEMARIE-1024x683.jpg","contentUrl":"http:\/\/condat-cantal-peche.com\/wp-content\/uploads\/2022\/02\/puy-mary-dans-le-cantal-avec-LGC-Sarah-CROZEMARIE-1024x683.jpg"},{"@type":"BreadcrumbList","@id":"https:\/\/condat-cantal-peche.com\/index.php\/bienvenu-dans-le-cantal\/#breadcrumb","itemListElement":[{"@type":"ListItem","position":1,"name":"Accueil","item":"https:\/\/condat-cantal-peche.com\/"},{"@type":"ListItem","position":2,"name":"Accueil"}]},{"@type":"WebSite","@id":"https:\/\/condat-cantal-peche.com\/#website","url":"https:\/\/condat-cantal-peche.com\/","name":"AAPPMA de Condat - Rhue &amp; Santoire","description":"La p\u00eache dans le Cantal","publisher":{"@id":"https:\/\/condat-cantal-peche.com\/#organization"},"potentialAction":[{"@type":"SearchAction","target":{"@type":"EntryPoint","urlTemplate":"https:\/\/condat-cantal-peche.com\/?s={search_term_string}"},"query-input":{"@type":"PropertyValueSpecification","valueRequired":true,"valueName":"search_term_string"}}],"inLanguage":"fr-FR"},{"@type":"Organization","@id":"https:\/\/condat-cantal-peche.com\/#organization","name":"AAPPMA de Condat - Rhue &amp; Santoire","url":"https:\/\/condat-cantal-peche.com\/","logo":{"@type":"ImageObject","inLanguage":"fr-FR","@id":"https:\/\/condat-cantal-peche.com\/#\/schema\/logo\/image\/","url":"https:\/\/i0.wp.com\/condat-cantal-peche.com\/wp-content\/uploads\/2022\/02\/cropped-Logo_RECTIFIE-AAPPMA_Condat_en_long_v2-3.jpg?fit=2325%2C917&ssl=1","contentUrl":"https:\/\/i0.wp.com\/condat-cantal-peche.com\/wp-content\/uploads\/2022\/02\/cropped-Logo_RECTIFIE-AAPPMA_Condat_en_long_v2-3.jpg?fit=2325%2C917&ssl=1","width":2325,"height":917,"caption":"AAPPMA de Condat - Rhue &amp; Santoire"},"image":{"@id":"https:\/\/condat-cantal-peche.com\/#\/schema\/logo\/image\/"}}]}},"jetpack_sharing_enabled":true,"jetpack_likes_enabled":true,"_links":{"self":[{"href":"https:\/\/condat-cantal-peche.com\/index.php\/wp-json\/wp\/v2\/pages\/16","targetHints":{"allow":["GET"]}}],"collection":[{"href":"https:\/\/condat-cantal-peche.com\/index.php\/wp-json\/wp\/v2\/pages"}],"about":[{"href":"https:\/\/condat-cantal-peche.com\/index.php\/wp-json\/wp\/v2\/types\/page"}],"author":[{"embeddable":true,"href":"https:\/\/condat-cantal-peche.com\/index.php\/wp-json\/wp\/v2\/users\/1"}],"replies":[{"embeddable":true,"href":"https:\/\/condat-cantal-peche.com\/index.php\/wp-json\/wp\/v2\/comments?post=16"}],"version-history":[{"count":9,"href":"https:\/\/condat-cantal-peche.com\/index.php\/wp-json\/wp\/v2\/pages\/16\/revisions"}],"predecessor-version":[{"id":292,"href":"https:\/\/condat-cantal-peche.com\/index.php\/wp-json\/wp\/v2\/pages\/16\/revisions\/292"}],"wp:attachment":[{"href":"https:\/\/condat-cantal-peche.com\/index.php\/wp-json\/wp\/v2\/media?parent=16"}],"curies":[{"name":"wp","href":"https:\/\/api.w.org\/{rel}","templated":true}]}}