{"id":235,"date":"2022-02-28T14:17:20","date_gmt":"2022-02-28T13:17:20","guid":{"rendered":"https:\/\/condat-cantal-peche.com\/?page_id=235"},"modified":"2022-02-28T14:18:23","modified_gmt":"2022-02-28T13:18:23","slug":"no-kill-de-la-santoire-dans-le-cantal","status":"publish","type":"page","link":"https:\/\/condat-cantal-peche.com\/index.php\/no-kill-de-la-santoire-dans-le-cantal\/","title":{"rendered":"No-kill de la Santoire"},"content":{"rendered":"<p>La Santoire est une rivi\u00e8re mythique pour bon nombres de p\u00eacheurs. On y trouve le c\u00e9l\u00e8bre No-kill de la Santoire. C&rsquo;est un spot r\u00e9put\u00e9 pour la <a href=\"https:\/\/condat-cantal-peche.com\/index.php\/territoire\/\">p\u00eache \u00e0 la mouche dans le Cantal et en Auvergne.<\/a><\/p><div style=\"height:20px\" aria-hidden=\"true\" class=\"wp-block-spacer\"><\/div><h3 class=\"wp-block-heading\"><strong><em>No-kill de la Santoire dans le d\u00e9partement du Cantal<\/em><\/strong><\/h3><div style=\"height:20px\" aria-hidden=\"true\" class=\"wp-block-spacer\"><\/div><div class=\"wp-block-columns is-layout-flex wp-container-core-columns-is-layout-9d6595d7 wp-block-columns-is-layout-flex\"><div class=\"wp-block-column is-layout-flow wp-block-column-is-layout-flow\" style=\"flex-basis:33.33%\"><figure class=\"wp-block-image size-large\"><img data-recalc-dims=\"1\" loading=\"lazy\" decoding=\"async\" width=\"1024\" height=\"700\" src=\"https:\/\/i0.wp.com\/condat-cantal-peche.com\/wp-content\/uploads\/2022\/02\/peche-mouche.jpg?resize=1024%2C700&#038;ssl=1\" alt=\"No-kill de la Santoire dans le Cantal avec AAPPMA de Condat - Rhue et Santoire en Auvergne\" class=\"wp-image-22\" srcset=\"https:\/\/i0.wp.com\/condat-cantal-peche.com\/wp-content\/uploads\/2022\/02\/peche-mouche.jpg?resize=1024%2C700&amp;ssl=1 1024w, https:\/\/i0.wp.com\/condat-cantal-peche.com\/wp-content\/uploads\/2022\/02\/peche-mouche.jpg?resize=300%2C205&amp;ssl=1 300w, https:\/\/i0.wp.com\/condat-cantal-peche.com\/wp-content\/uploads\/2022\/02\/peche-mouche.jpg?resize=768%2C525&amp;ssl=1 768w, https:\/\/i0.wp.com\/condat-cantal-peche.com\/wp-content\/uploads\/2022\/02\/peche-mouche.jpg?resize=1536%2C1050&amp;ssl=1 1536w, https:\/\/i0.wp.com\/condat-cantal-peche.com\/wp-content\/uploads\/2022\/02\/peche-mouche.jpg?w=1920&amp;ssl=1 1920w\" sizes=\"auto, (max-width: 1024px) 100vw, 1024px\" \/><\/figure>\n\n<div style=\"height:10px\" aria-hidden=\"true\" class=\"wp-block-spacer\"><\/div>\n\n<figure class=\"wp-block-image size-full\"><img data-recalc-dims=\"1\" loading=\"lazy\" decoding=\"async\" width=\"600\" height=\"480\" src=\"https:\/\/i0.wp.com\/condat-cantal-peche.com\/wp-content\/uploads\/2022\/02\/Panneau-NO-KILL.png?resize=600%2C480&#038;ssl=1\" alt=\"Les no-kill de l'AAPPMA de Condat - Rhue et Santoire\" class=\"wp-image-70\" srcset=\"https:\/\/i0.wp.com\/condat-cantal-peche.com\/wp-content\/uploads\/2022\/02\/Panneau-NO-KILL.png?w=600&amp;ssl=1 600w, https:\/\/i0.wp.com\/condat-cantal-peche.com\/wp-content\/uploads\/2022\/02\/Panneau-NO-KILL.png?resize=300%2C240&amp;ssl=1 300w\" sizes=\"auto, (max-width: 600px) 100vw, 600px\" \/><\/figure><\/div>\n\n<div class=\"wp-block-column is-layout-flow wp-block-column-is-layout-flow\" style=\"flex-basis:66.66%\"><p class=\"has-drop-cap\">La Santoire prend sa source au pied du Col de Cabre dans le <a href=\"https:\/\/www.auvergne-destination.com\/\" target=\"_blank\" rel=\"noreferrer noopener\">d\u00e9partement du Cantal<\/a>. C&rsquo;est une rivi\u00e8re r\u00e9put\u00e9e pour la pratique de la p\u00eache \u00e0 la mouche. Elle est une rivi\u00e8re m\u00e9andreuse avec de grands plats. C&rsquo;est un affluent gauche de la Rhue et donc un sous-affluent de la Dordogne.<\/p>\n\n<div style=\"height:20px\" aria-hidden=\"true\" class=\"wp-block-spacer\"><\/div>\n\n<p>Sur la Santoire, il y a un parcours No-kill. Du pont du Monteil au pont Neuf, c&rsquo;est un parcours mouche avec remise \u00e0 l\u2019eau imm\u00e9diatement. Vous trouverez un emplacement pour personnes \u00e0 mobilit\u00e9 r\u00e9duite au pont du Monteil.<\/p>\n\n<div style=\"height:20px\" aria-hidden=\"true\" class=\"wp-block-spacer\"><\/div>\n\n<p><mark style=\"background-color:rgba(0, 0, 0, 0)\" class=\"has-inline-color has-vivid-red-color\">HAME\u00c7ON SIMPLE OBLIGATOIRE (TRIPLE \/ DOUBLE INTERDITS)\u00a0SANS ARDILLON\u00a0 \u00c9CRASEMENT DE L ARDILLON TOL\u00c9R\u00c9 CECI SOUS ARR\u00caT\u00c9 PR\u00c9FECTORAL DEPUIS 2021.<\/mark><\/p><\/div><\/div><div style=\"height:20px\" aria-hidden=\"true\" class=\"wp-block-spacer\"><\/div><hr class=\"wp-block-separator\"\/><h3 class=\"wp-block-heading\"><strong><em>Plus d&rsquo;informations sur AAPPMA de Condat : <\/em><\/strong><\/h3><ul class=\"wp-block-page-list\"><li class=\"wp-block-pages-list__item\"><a class=\"wp-block-pages-list__item__link\" href=\"https:\/\/condat-cantal-peche.com\/index.php\/aappma-de-condat-rhue-et-santoire-2\/\">AAPPMA<\/a><\/li><li class=\"wp-block-pages-list__item\"><a class=\"wp-block-pages-list__item__link\" href=\"https:\/\/condat-cantal-peche.com\/index.php\/bienvenu-dans-le-cantal\/\">Accueil<\/a><\/li><li class=\"wp-block-pages-list__item menu-item-home\"><a class=\"wp-block-pages-list__item__link\" href=\"https:\/\/condat-cantal-peche.com\/\">Accueil<\/a><\/li><li class=\"wp-block-pages-list__item\"><a class=\"wp-block-pages-list__item__link\" href=\"https:\/\/condat-cantal-peche.com\/index.php\/blog\/\">Blog<\/a><\/li><li class=\"wp-block-pages-list__item\"><a class=\"wp-block-pages-list__item__link\" href=\"https:\/\/condat-cantal-peche.com\/index.php\/boutique\/\">Boutique<\/a><\/li><li class=\"wp-block-pages-list__item\"><a class=\"wp-block-pages-list__item__link\" href=\"https:\/\/condat-cantal-peche.com\/index.php\/vos-cartes-de-peche-avec-aappma-de-condat\/\">Carte de p\u00eache<\/a><\/li><li class=\"wp-block-pages-list__item\"><a class=\"wp-block-pages-list__item__link\" href=\"https:\/\/condat-cantal-peche.com\/index.php\/aappma-de-condat-rhue-et-santoire\/\">Contact<\/a><\/li><li class=\"wp-block-pages-list__item\"><a class=\"wp-block-pages-list__item__link\" href=\"https:\/\/condat-cantal-peche.com\/index.php\/ecole-de-peche-dans-le-cantal\/\">\u00c9cole de p\u00eache<\/a><\/li><li class=\"wp-block-pages-list__item\"><a class=\"wp-block-pages-list__item__link\" href=\"https:\/\/condat-cantal-peche.com\/index.php\/aappma-condat-rhue-et-santoire\/\">Mentions l\u00e9gales<\/a><\/li><li class=\"wp-block-pages-list__item\"><a class=\"wp-block-pages-list__item__link\" href=\"https:\/\/condat-cantal-peche.com\/index.php\/mon-compte\/\">Mon compte<\/a><\/li><li class=\"wp-block-pages-list__item\"><a class=\"wp-block-pages-list__item__link\" href=\"https:\/\/condat-cantal-peche.com\/index.php\/no-kill-de-condat-dans-le-cantal\/\">No-kill de Condat<\/a><\/li><li class=\"wp-block-pages-list__item\"><a class=\"wp-block-pages-list__item__link\" href=\"https:\/\/condat-cantal-peche.com\/index.php\/no-kill-de-la-santoire-dans-le-cantal\/\">No-kill de la Santoire<\/a><\/li><li class=\"wp-block-pages-list__item\"><a class=\"wp-block-pages-list__item__link\" href=\"https:\/\/condat-cantal-peche.com\/index.php\/equipe-de-laappma-de-condat\/\">Notre \u00e9quipe<\/a><\/li><li class=\"wp-block-pages-list__item\"><a class=\"wp-block-pages-list__item__link\" href=\"https:\/\/condat-cantal-peche.com\/index.php\/page-daccueil\/\">Page d\u2019accueil<\/a><\/li><li class=\"wp-block-pages-list__item\"><a class=\"wp-block-pages-list__item__link\" href=\"https:\/\/condat-cantal-peche.com\/index.php\/panier\/\">Panier<\/a><\/li><li class=\"wp-block-pages-list__item\"><a class=\"wp-block-pages-list__item__link\" href=\"https:\/\/condat-cantal-peche.com\/index.php\/plan-deau-des-vedisses-a-condat\/\">Plan d&rsquo;eau des V\u00e9disses<\/a><\/li><li class=\"wp-block-pages-list__item\"><a class=\"wp-block-pages-list__item__link\" href=\"https:\/\/condat-cantal-peche.com\/index.php\/reglementation-de-la-peche-dans-le-cantal\/\">R\u00e8glementation<\/a><\/li><li class=\"wp-block-pages-list__item\"><a class=\"wp-block-pages-list__item__link\" href=\"https:\/\/condat-cantal-peche.com\/index.php\/peche-dans-le-cantal-2\/\">Territoire<\/a><\/li><li class=\"wp-block-pages-list__item\"><a class=\"wp-block-pages-list__item__link\" href=\"https:\/\/condat-cantal-peche.com\/index.php\/aappma-de-condat-dans-le-nord-du-cantal\/\">Tourisme<\/a><\/li><li class=\"wp-block-pages-list__item\"><a class=\"wp-block-pages-list__item__link\" href=\"https:\/\/condat-cantal-peche.com\/index.php\/commander\/\">Validation de la commande<\/a><\/li><\/ul>","protected":false},"excerpt":{"rendered":"<p>La Santoire est une rivi\u00e8re mythique pour bon nombres de p\u00eacheurs. On y trouve le c\u00e9l\u00e8bre No-kill de la Santoire. C&rsquo;est un spot r\u00e9put\u00e9 pour la p\u00eache \u00e0 la mouche dans le Cantal et en Auvergne. No-kill de la Santoire dans le d\u00e9partement du Cantal La Santoire prend sa source au pied du Col de [&hellip;]<\/p>\n","protected":false},"author":1,"featured_media":0,"parent":0,"menu_order":0,"comment_status":"closed","ping_status":"closed","template":"","meta":{"footnotes":""},"class_list":["post-235","page","type-page","status-publish","hentry"],"yoast_head":"<!-- This site is optimized with the Yoast SEO plugin v27.5 - https:\/\/yoast.com\/product\/yoast-seo-wordpress\/ -->\n<title>No-kill de la Santoire - AAPPMA de Condat - Rhue &amp; Santoire<\/title>\n<meta name=\"description\" content=\"Toutes les informations sur le No-kill de la Santoire dans le d\u00e9partement du Cantal en Auvergne. AAPMA de Condat - Rhue et Santoire.\" \/>\n<meta name=\"robots\" content=\"index, follow, max-snippet:-1, max-image-preview:large, max-video-preview:-1\" \/>\n<link rel=\"canonical\" href=\"https:\/\/condat-cantal-peche.com\/index.php\/no-kill-de-la-santoire-dans-le-cantal\/\" \/>\n<meta property=\"og:locale\" content=\"fr_FR\" \/>\n<meta property=\"og:type\" content=\"article\" \/>\n<meta property=\"og:title\" content=\"No-kill de la Santoire dans le d\u00e9partement du Cantal\" \/>\n<meta property=\"og:description\" content=\"Toutes les informations sur le No-kill de la Santoire dans le d\u00e9partement du Cantal en Auvergne. AAPMA de Condat - Rhue et Santoire.\" \/>\n<meta property=\"og:url\" content=\"https:\/\/condat-cantal-peche.com\/index.php\/no-kill-de-la-santoire-dans-le-cantal\/\" \/>\n<meta property=\"og:site_name\" content=\"AAPPMA de Condat - Rhue &amp; Santoire\" \/>\n<meta property=\"article:modified_time\" content=\"2022-02-28T13:18:23+00:00\" \/>\n<meta property=\"og:image\" content=\"https:\/\/condat-cantal-peche.com\/wp-content\/uploads\/2022\/02\/peche-mouche.jpg\" \/>\n\t<meta property=\"og:image:width\" content=\"1920\" \/>\n\t<meta property=\"og:image:height\" content=\"1312\" \/>\n\t<meta property=\"og:image:type\" content=\"image\/jpeg\" \/>\n<meta name=\"twitter:card\" content=\"summary_large_image\" \/>\n<meta name=\"twitter:label1\" content=\"Dur\u00e9e de lecture estim\u00e9e\" \/>\n\t<meta name=\"twitter:data1\" content=\"2 minutes\" \/>\n<script type=\"application\/ld+json\" class=\"yoast-schema-graph\">{\"@context\":\"https:\\\/\\\/schema.org\",\"@graph\":[{\"@type\":\"WebPage\",\"@id\":\"https:\\\/\\\/condat-cantal-peche.com\\\/index.php\\\/no-kill-de-la-santoire-dans-le-cantal\\\/\",\"url\":\"https:\\\/\\\/condat-cantal-peche.com\\\/index.php\\\/no-kill-de-la-santoire-dans-le-cantal\\\/\",\"name\":\"No-kill de la Santoire - AAPPMA de Condat - Rhue &amp; Santoire\",\"isPartOf\":{\"@id\":\"https:\\\/\\\/condat-cantal-peche.com\\\/#website\"},\"primaryImageOfPage\":{\"@id\":\"https:\\\/\\\/condat-cantal-peche.com\\\/index.php\\\/no-kill-de-la-santoire-dans-le-cantal\\\/#primaryimage\"},\"image\":{\"@id\":\"https:\\\/\\\/condat-cantal-peche.com\\\/index.php\\\/no-kill-de-la-santoire-dans-le-cantal\\\/#primaryimage\"},\"thumbnailUrl\":\"http:\\\/\\\/condat-cantal-peche.com\\\/wp-content\\\/uploads\\\/2022\\\/02\\\/peche-mouche-1024x700.jpg\",\"datePublished\":\"2022-02-28T13:17:20+00:00\",\"dateModified\":\"2022-02-28T13:18:23+00:00\",\"description\":\"Toutes les informations sur le No-kill de la Santoire dans le d\u00e9partement du Cantal en Auvergne. AAPMA de Condat - Rhue et Santoire.\",\"breadcrumb\":{\"@id\":\"https:\\\/\\\/condat-cantal-peche.com\\\/index.php\\\/no-kill-de-la-santoire-dans-le-cantal\\\/#breadcrumb\"},\"inLanguage\":\"fr-FR\",\"potentialAction\":[{\"@type\":\"ReadAction\",\"target\":[\"https:\\\/\\\/condat-cantal-peche.com\\\/index.php\\\/no-kill-de-la-santoire-dans-le-cantal\\\/\"]}]},{\"@type\":\"ImageObject\",\"inLanguage\":\"fr-FR\",\"@id\":\"https:\\\/\\\/condat-cantal-peche.com\\\/index.php\\\/no-kill-de-la-santoire-dans-le-cantal\\\/#primaryimage\",\"url\":\"http:\\\/\\\/condat-cantal-peche.com\\\/wp-content\\\/uploads\\\/2022\\\/02\\\/peche-mouche-1024x700.jpg\",\"contentUrl\":\"http:\\\/\\\/condat-cantal-peche.com\\\/wp-content\\\/uploads\\\/2022\\\/02\\\/peche-mouche-1024x700.jpg\"},{\"@type\":\"BreadcrumbList\",\"@id\":\"https:\\\/\\\/condat-cantal-peche.com\\\/index.php\\\/no-kill-de-la-santoire-dans-le-cantal\\\/#breadcrumb\",\"itemListElement\":[{\"@type\":\"ListItem\",\"position\":1,\"name\":\"Accueil\",\"item\":\"https:\\\/\\\/condat-cantal-peche.com\\\/\"},{\"@type\":\"ListItem\",\"position\":2,\"name\":\"No-kill de la Santoire\"}]},{\"@type\":\"WebSite\",\"@id\":\"https:\\\/\\\/condat-cantal-peche.com\\\/#website\",\"url\":\"https:\\\/\\\/condat-cantal-peche.com\\\/\",\"name\":\"AAPPMA de Condat - Rhue &amp; Santoire\",\"description\":\"La p\u00eache dans le Cantal\",\"publisher\":{\"@id\":\"https:\\\/\\\/condat-cantal-peche.com\\\/#organization\"},\"potentialAction\":[{\"@type\":\"SearchAction\",\"target\":{\"@type\":\"EntryPoint\",\"urlTemplate\":\"https:\\\/\\\/condat-cantal-peche.com\\\/?s={search_term_string}\"},\"query-input\":{\"@type\":\"PropertyValueSpecification\",\"valueRequired\":true,\"valueName\":\"search_term_string\"}}],\"inLanguage\":\"fr-FR\"},{\"@type\":\"Organization\",\"@id\":\"https:\\\/\\\/condat-cantal-peche.com\\\/#organization\",\"name\":\"AAPPMA de Condat - Rhue &amp; Santoire\",\"url\":\"https:\\\/\\\/condat-cantal-peche.com\\\/\",\"logo\":{\"@type\":\"ImageObject\",\"inLanguage\":\"fr-FR\",\"@id\":\"https:\\\/\\\/condat-cantal-peche.com\\\/#\\\/schema\\\/logo\\\/image\\\/\",\"url\":\"https:\\\/\\\/i0.wp.com\\\/condat-cantal-peche.com\\\/wp-content\\\/uploads\\\/2022\\\/02\\\/cropped-Logo_RECTIFIE-AAPPMA_Condat_en_long_v2-3.jpg?fit=2325%2C917&ssl=1\",\"contentUrl\":\"https:\\\/\\\/i0.wp.com\\\/condat-cantal-peche.com\\\/wp-content\\\/uploads\\\/2022\\\/02\\\/cropped-Logo_RECTIFIE-AAPPMA_Condat_en_long_v2-3.jpg?fit=2325%2C917&ssl=1\",\"width\":2325,\"height\":917,\"caption\":\"AAPPMA de Condat - Rhue &amp; Santoire\"},\"image\":{\"@id\":\"https:\\\/\\\/condat-cantal-peche.com\\\/#\\\/schema\\\/logo\\\/image\\\/\"}}]}<\/script>\n<!-- \/ Yoast SEO plugin. -->","yoast_head_json":{"title":"No-kill de la Santoire - AAPPMA de Condat - Rhue &amp; Santoire","description":"Toutes les informations sur le No-kill de la Santoire dans le d\u00e9partement du Cantal en Auvergne. AAPMA de Condat - Rhue et Santoire.","robots":{"index":"index","follow":"follow","max-snippet":"max-snippet:-1","max-image-preview":"max-image-preview:large","max-video-preview":"max-video-preview:-1"},"canonical":"https:\/\/condat-cantal-peche.com\/index.php\/no-kill-de-la-santoire-dans-le-cantal\/","og_locale":"fr_FR","og_type":"article","og_title":"No-kill de la Santoire dans le d\u00e9partement du Cantal","og_description":"Toutes les informations sur le No-kill de la Santoire dans le d\u00e9partement du Cantal en Auvergne. AAPMA de Condat - Rhue et Santoire.","og_url":"https:\/\/condat-cantal-peche.com\/index.php\/no-kill-de-la-santoire-dans-le-cantal\/","og_site_name":"AAPPMA de Condat - Rhue &amp; Santoire","article_modified_time":"2022-02-28T13:18:23+00:00","og_image":[{"width":1920,"height":1312,"url":"https:\/\/condat-cantal-peche.com\/wp-content\/uploads\/2022\/02\/peche-mouche.jpg","type":"image\/jpeg"}],"twitter_card":"summary_large_image","twitter_misc":{"Dur\u00e9e de lecture estim\u00e9e":"2 minutes"},"schema":{"@context":"https:\/\/schema.org","@graph":[{"@type":"WebPage","@id":"https:\/\/condat-cantal-peche.com\/index.php\/no-kill-de-la-santoire-dans-le-cantal\/","url":"https:\/\/condat-cantal-peche.com\/index.php\/no-kill-de-la-santoire-dans-le-cantal\/","name":"No-kill de la Santoire - AAPPMA de Condat - Rhue &amp; Santoire","isPartOf":{"@id":"https:\/\/condat-cantal-peche.com\/#website"},"primaryImageOfPage":{"@id":"https:\/\/condat-cantal-peche.com\/index.php\/no-kill-de-la-santoire-dans-le-cantal\/#primaryimage"},"image":{"@id":"https:\/\/condat-cantal-peche.com\/index.php\/no-kill-de-la-santoire-dans-le-cantal\/#primaryimage"},"thumbnailUrl":"http:\/\/condat-cantal-peche.com\/wp-content\/uploads\/2022\/02\/peche-mouche-1024x700.jpg","datePublished":"2022-02-28T13:17:20+00:00","dateModified":"2022-02-28T13:18:23+00:00","description":"Toutes les informations sur le No-kill de la Santoire dans le d\u00e9partement du Cantal en Auvergne. AAPMA de Condat - Rhue et Santoire.","breadcrumb":{"@id":"https:\/\/condat-cantal-peche.com\/index.php\/no-kill-de-la-santoire-dans-le-cantal\/#breadcrumb"},"inLanguage":"fr-FR","potentialAction":[{"@type":"ReadAction","target":["https:\/\/condat-cantal-peche.com\/index.php\/no-kill-de-la-santoire-dans-le-cantal\/"]}]},{"@type":"ImageObject","inLanguage":"fr-FR","@id":"https:\/\/condat-cantal-peche.com\/index.php\/no-kill-de-la-santoire-dans-le-cantal\/#primaryimage","url":"http:\/\/condat-cantal-peche.com\/wp-content\/uploads\/2022\/02\/peche-mouche-1024x700.jpg","contentUrl":"http:\/\/condat-cantal-peche.com\/wp-content\/uploads\/2022\/02\/peche-mouche-1024x700.jpg"},{"@type":"BreadcrumbList","@id":"https:\/\/condat-cantal-peche.com\/index.php\/no-kill-de-la-santoire-dans-le-cantal\/#breadcrumb","itemListElement":[{"@type":"ListItem","position":1,"name":"Accueil","item":"https:\/\/condat-cantal-peche.com\/"},{"@type":"ListItem","position":2,"name":"No-kill de la Santoire"}]},{"@type":"WebSite","@id":"https:\/\/condat-cantal-peche.com\/#website","url":"https:\/\/condat-cantal-peche.com\/","name":"AAPPMA de Condat - Rhue &amp; Santoire","description":"La p\u00eache dans le Cantal","publisher":{"@id":"https:\/\/condat-cantal-peche.com\/#organization"},"potentialAction":[{"@type":"SearchAction","target":{"@type":"EntryPoint","urlTemplate":"https:\/\/condat-cantal-peche.com\/?s={search_term_string}"},"query-input":{"@type":"PropertyValueSpecification","valueRequired":true,"valueName":"search_term_string"}}],"inLanguage":"fr-FR"},{"@type":"Organization","@id":"https:\/\/condat-cantal-peche.com\/#organization","name":"AAPPMA de Condat - Rhue &amp; Santoire","url":"https:\/\/condat-cantal-peche.com\/","logo":{"@type":"ImageObject","inLanguage":"fr-FR","@id":"https:\/\/condat-cantal-peche.com\/#\/schema\/logo\/image\/","url":"https:\/\/i0.wp.com\/condat-cantal-peche.com\/wp-content\/uploads\/2022\/02\/cropped-Logo_RECTIFIE-AAPPMA_Condat_en_long_v2-3.jpg?fit=2325%2C917&ssl=1","contentUrl":"https:\/\/i0.wp.com\/condat-cantal-peche.com\/wp-content\/uploads\/2022\/02\/cropped-Logo_RECTIFIE-AAPPMA_Condat_en_long_v2-3.jpg?fit=2325%2C917&ssl=1","width":2325,"height":917,"caption":"AAPPMA de Condat - Rhue &amp; Santoire"},"image":{"@id":"https:\/\/condat-cantal-peche.com\/#\/schema\/logo\/image\/"}}]}},"jetpack_sharing_enabled":true,"jetpack_likes_enabled":true,"_links":{"self":[{"href":"https:\/\/condat-cantal-peche.com\/index.php\/wp-json\/wp\/v2\/pages\/235","targetHints":{"allow":["GET"]}}],"collection":[{"href":"https:\/\/condat-cantal-peche.com\/index.php\/wp-json\/wp\/v2\/pages"}],"about":[{"href":"https:\/\/condat-cantal-peche.com\/index.php\/wp-json\/wp\/v2\/types\/page"}],"author":[{"embeddable":true,"href":"https:\/\/condat-cantal-peche.com\/index.php\/wp-json\/wp\/v2\/users\/1"}],"replies":[{"embeddable":true,"href":"https:\/\/condat-cantal-peche.com\/index.php\/wp-json\/wp\/v2\/comments?post=235"}],"version-history":[{"count":2,"href":"https:\/\/condat-cantal-peche.com\/index.php\/wp-json\/wp\/v2\/pages\/235\/revisions"}],"predecessor-version":[{"id":238,"href":"https:\/\/condat-cantal-peche.com\/index.php\/wp-json\/wp\/v2\/pages\/235\/revisions\/238"}],"wp:attachment":[{"href":"https:\/\/condat-cantal-peche.com\/index.php\/wp-json\/wp\/v2\/media?parent=235"}],"curies":[{"name":"wp","href":"https:\/\/api.w.org\/{rel}","templated":true}]}}