{"id":285,"date":"2022-02-28T16:49:16","date_gmt":"2022-02-28T15:49:16","guid":{"rendered":"https:\/\/condat-cantal-peche.com\/?page_id=285"},"modified":"2022-02-28T18:57:12","modified_gmt":"2022-02-28T17:57:12","slug":"aappma-condat-rhue-et-santoire","status":"publish","type":"page","link":"https:\/\/condat-cantal-peche.com\/index.php\/aappma-condat-rhue-et-santoire\/","title":{"rendered":"Mentions l\u00e9gales"},"content":{"rendered":"<h5 class=\"wp-block-heading\"><strong><em><u>Pr\u00e9ambule<\/u><\/em><\/strong><\/h5><p>La loi fran\u00e7aise oblige de faire figurer certaines <strong>mentions l\u00e9gales<\/strong> obligatoires sur un site web. Cela doit donc se faire \u00e0 travers une page facilement accessible. L\u2019objectif est donc avant toute chose la protection des internautes en leur permettant d\u2019identifier et de contacter les webmasters des sites visit\u00e9s. Ceci vaut d\u2019ailleurs aussi bien pour l\u2019\u00e9diteur d\u2019un site web professionnel que pour l\u2019auteur d\u2019un blog personnel. Dans les deux cas, les deux individus sont responsables de l\u2019ensemble du contenu accessible sur leur site.<\/p><p>En France, c\u2019est donc la loi n\u00b02004-575 du 21 juin 2004 pour la confiance dans l\u2019\u00e9conomie num\u00e9rique (LCEN) qui pr\u00e9cise un certain nombre de mentions. C\u2019est le cas pour l\u2019identit\u00e9 des diff\u00e9rents intervenants dans le cadre de sa r\u00e9alisation et de son suivi. Tout \u00e9diteur de site internet, \u00ab qu\u2019il le soit \u00e0 titre personnel ou professionnel \u00bb, se doit donc de respecter et de faire obligatoirement figurer sur une notice l\u00e9gale.<\/p><p>Les pr\u00e9sentes mentions l\u00e9gales s\u2019appliquent donc \u00e0 tout le site. La connexion et la navigation sur le site par l\u2019utilisateur implique l\u2019acceptation int\u00e9grale des pr\u00e9sentes mentions l\u00e9gales et ce sans aucune r\u00e9serve. Ces mentions l\u00e9gales peuvent \u00e9volu\u00e9es pour \u00eatre modifi\u00e9es ou compl\u00e9t\u00e9es. L\u2019utilisateur est donc invit\u00e9 \u00e0 les consulter r\u00e9guli\u00e8rement.<\/p><p>Le site est accessible \u00e0 tous 7j\/7 et 24h\/24 sauf en cas de force majeur ou de maintenance. Le site ne saurait donc \u00eatre tenu responsable.<\/p><h5 class=\"wp-block-heading\"><strong><em><u>\u00c9dition du site<\/u><\/em><\/strong><\/h5><figure class=\"wp-block-image size-large is-resized\"><img data-recalc-dims=\"1\" loading=\"lazy\" decoding=\"async\" src=\"https:\/\/i0.wp.com\/condat-cantal-peche.com\/wp-content\/uploads\/2022\/02\/Logo_RECTIFIE-AAPPMA_Condat_en_long_v2.jpg?resize=840%2C331&#038;ssl=1\" alt=\"logo de AAPPMA Condat - p\u00eache dans le Cantal en Auvergne\" class=\"wp-image-5\" width=\"840\" height=\"331\" srcset=\"https:\/\/i0.wp.com\/condat-cantal-peche.com\/wp-content\/uploads\/2022\/02\/Logo_RECTIFIE-AAPPMA_Condat_en_long_v2.jpg?resize=1024%2C404&amp;ssl=1 1024w, https:\/\/i0.wp.com\/condat-cantal-peche.com\/wp-content\/uploads\/2022\/02\/Logo_RECTIFIE-AAPPMA_Condat_en_long_v2.jpg?resize=300%2C118&amp;ssl=1 300w, https:\/\/i0.wp.com\/condat-cantal-peche.com\/wp-content\/uploads\/2022\/02\/Logo_RECTIFIE-AAPPMA_Condat_en_long_v2.jpg?resize=768%2C303&amp;ssl=1 768w, https:\/\/i0.wp.com\/condat-cantal-peche.com\/wp-content\/uploads\/2022\/02\/Logo_RECTIFIE-AAPPMA_Condat_en_long_v2.jpg?resize=1536%2C606&amp;ssl=1 1536w, https:\/\/i0.wp.com\/condat-cantal-peche.com\/wp-content\/uploads\/2022\/02\/Logo_RECTIFIE-AAPPMA_Condat_en_long_v2.jpg?resize=2048%2C808&amp;ssl=1 2048w\" sizes=\"auto, (max-width: 840px) 100vw, 840px\" \/><\/figure><p>Le site <strong>https:\/\/condat-cantal-peche.com<\/strong> est \u00e9dit\u00e9 par le<a href=\"https:\/\/condat-cantal-peche.com\/index.php\/aappma-de-condat-rhue-et-santoire-2\/\"> AAPPMA Condat &#8211; Rhue et Santoire<\/a> pour son activit\u00e9 de protection des milieux aquatiques et la promotion du loisir de la p\u00eache. <\/p><p><strong><a href=\"https:\/\/condat-cantal-peche.com\/index.php\/aappma-de-condat-rhue-et-santoire-2\/\">AAPPMA Condat &#8211; Rhue et Santoire<\/a> <\/strong>est un<strong>e association<\/strong>. Son si\u00e8ge social est situ\u00e9 \u00e0 Mairie de Condat &#8211; 15190 CONDAT.<\/p><h5 class=\"wp-block-heading\"><strong><em><u>Cookies<\/u><\/em><\/strong><\/h5><p>Le site <strong><a href=\"https:\/\/condat-cantal-peche.com\">https:\/\/gite-gorges-allier.com<\/a><\/strong> peut \u00eatre amen\u00e9 \u00e0 vous demander l\u2019acceptation des cookies pour des besoins de statistiques et d\u2019affichage. Un cookie est une information d\u00e9pos\u00e9e sur votre disque dur par le serveur du site que vous visitez. Il contient plusieurs donn\u00e9es qui sont stock\u00e9es sur votre ordinateur dans un simple fichier texte auquel un serveur acc\u00e8de pour lire et enregistrer des informations. Certaines parties de ce site ne peuvent \u00eatre fonctionnelles sans l\u2019acceptation de cookies.<\/p><h5 class=\"wp-block-heading\"><strong><em><u>Liens hypertextes<\/u><\/em><\/strong><\/h5><p>Les sites internet de peuvent offrir des liens vers d\u2019autres sites internet ou d\u2019autres ressources disponibles sur Internet. <strong><strong>AAPPMA Condat &#8211; Rhue et Santoire<\/strong><\/strong> ne dispose d\u2019aucun moyen pour contr\u00f4ler les sites en connexion avec ses sites internet. Cela ne r\u00e9pond pas de la disponibilit\u00e9 de tels sites et sources externes, ni ne la garantit. Elle ne peut \u00eatre tenue pour responsable de tout dommage. Et ce de quelque nature que ce soit, r\u00e9sultant du contenu de ces sites ou sources externes. Notamment pour ce qui concerne des informations, produits ou services qu\u2019ils proposent. Ou de tout usage qui peut \u00eatre fait de ces \u00e9l\u00e9ments. Les risques li\u00e9s \u00e0 cette utilisation incombent donc pleinement \u00e0 l\u2019internaute, qui doit se conformer \u00e0 leurs conditions d\u2019utilisation.<\/p><p>Les utilisateurs, les abonn\u00e9s et les visiteurs des sites internet ne peuvent pas mettre en place un hyperlien en direction de ce site. Il faut l\u2019autorisation expresse et pr\u00e9alable de <strong><strong><strong>AAPPMA Condat &#8211; Rhue et Santoire<\/strong><\/strong><\/strong>.<\/p><p>Dans l\u2019hypoth\u00e8se o\u00f9 un utilisateur ou visiteur souhaiterait mettre en place un hyperlien en direction d\u2019un des sites internet de <strong><strong><strong>AAPPMA Condat &#8211; Rhue et Santoire<\/strong><\/strong><\/strong>, il lui appartiendra d\u2019adresser un email accessible sur le site afin de formuler sa demande de mise en place d\u2019un hyperlien. <strong><strong><strong>AAPPMA Condat &#8211; Rhue et Santoire<\/strong><\/strong><\/strong> se r\u00e9serve le droit d\u2019accepter ou de refuser un hyperlien. L&rsquo;association n&rsquo;a pas s&rsquo;en justifier sa d\u00e9cision.<\/p><h5 class=\"wp-block-heading\"><strong><em><u>Responsable de publication<\/u><\/em><\/strong><\/h5><p>Le site de <strong><strong><strong>AAPPMA Condat &#8211; Rhue et Santoire<\/strong><\/strong><\/strong> est aliment\u00e9 en divers contenus et ce mani\u00e8re r\u00e9guli\u00e8re. Il est \u00e0 noter que\u00a0:<\/p><ul class=\"wp-block-list\"><li>Le Directeur de publication est <strong>Yannick TOURNADRE<\/strong> (aappma.condat@gmail.com)<\/li><li>Le webmaster du site est <strong>Sarah CROZEMARIE<\/strong> (sarahcrozemarie@gmail.com)<\/li><li>Des r\u00e9dacteurs de publication viennent compl\u00e9ter les contenus \u00e9ditoriaux\u00a0:<ul><li><strong>Sarah CROZEMARIE<\/strong> (<a href=\"mailto:sarahcrozemarie@gmail.com\">sarahcrozemarie@gmail.com<\/a>)<\/li><li>Cr\u00e9dits photos &amp; vid\u00e9os\u00a0: <strong><strong><strong>AAPPMA Condat &#8211; Rhue et Santoire<\/strong><\/strong>, Pixabay, <\/strong><\/li><\/ul><\/li><\/ul><p>Les informations contenues sur ce site sont aussi pr\u00e9cises que possible. Le site remet \u00e0 jour ses informations \u00e0 diff\u00e9rentes p\u00e9riodes de l\u2019ann\u00e9e. Il peut toutefois contenir des inexactitudes ou des omissions. Si vous constatez une lacune, erreur ou ce qui parait \u00eatre un dysfonctionnement, merci de bien vouloir le signaler. Il faut nous \u00e9crire \u00e0 l\u2019adresse <a href=\"mailto:aappma.condat@gmail.com\">aappma.condat@gmail.com<\/a>. Il vous faut d\u00e9crire le probl\u00e8me de la mani\u00e8re la plus pr\u00e9cise possible (page posant probl\u00e8me, type d\u2019ordinateur et de navigateur utilis\u00e9, \u2026).<\/p><p>Tout contenu t\u00e9l\u00e9charg\u00e9 se fait aux risques et p\u00e9rils de l\u2019utilisateur et sous sa seule responsabilit\u00e9. En cons\u00e9quence, ne saurait \u00eatre tenu responsable d\u2019un quelconque dommage subi.  Il en est de m\u00eame pour une quelconque perte de donn\u00e9es cons\u00e9cutives au t\u00e9l\u00e9chargement. De plus, l\u2019utilisateur du site s\u2019engage \u00e0 acc\u00e9der au site en utilisant un mat\u00e9riel r\u00e9cent, ne contenant pas de virus et avec un navigateur de derni\u00e8re g\u00e9n\u00e9ration mis-\u00e0-jour.<\/p><p>Les liens hypertextes mis en place dans le cadre du pr\u00e9sent site internet en direction d\u2019autres ressources pr\u00e9sentes sur le r\u00e9seau Internet ne sauraient engager la responsabilit\u00e9 de <strong><strong><strong><strong>AAPPMA Condat &#8211; Rhue et Santoire<\/strong><\/strong><\/strong><\/strong>.<\/p><h5 class=\"wp-block-heading\"><strong><em><u>H\u00e9bergeur du site Internet<\/u><\/em><\/strong><\/h5><p>L\u2019h\u00e9bergeur du site de <strong><strong><strong><strong>AAPPMA Condat &#8211; Rhue et Santoire<\/strong><\/strong><\/strong><\/strong> est<\/p><p>La soci\u00e9t\u00e9&nbsp;: OVH<\/p><p>L\u2019adresse de contact&nbsp;: <strong>&nbsp;2 rue Kellermann \u2013 59100 Roubaix \u2013 France<\/strong><\/p><h5 class=\"wp-block-heading\"><strong><em><u>Propri\u00e9t\u00e9 intellectuelle<\/u><\/em><\/strong><\/h5><p>Sauf mention contraire, tous les \u00e9l\u00e9ments accessibles sur le site (textes, images, graphismes, logo, ic\u00f4nes, sons, logiciels, etc.) restent la propri\u00e9t\u00e9 exclusive de leurs auteurs. Cela concerne les droits de propri\u00e9t\u00e9 intellectuelle ou les droits d\u2019usage.<\/p><p>Toute reproduction, repr\u00e9sentation, modification, publication, adaptation de tout ou partie des \u00e9l\u00e9ments du site, quel que soit le moyen ou le proc\u00e9d\u00e9 utilis\u00e9, est interdite sauf autorisation \u00e9crite pr\u00e9alable de l\u2019auteur.<\/p><p>Toute exploitation non autoris\u00e9e du site ou d&rsquo;un \u00e9l\u00e9ment qu\u2019il contient est consid\u00e9r\u00e9e comme constitutive d\u2019une contrefa\u00e7on. L&rsquo;auteur peut \u00eatre poursuivie en justice.<\/p><p>Les marques et logos reproduits sur le site sont d\u00e9pos\u00e9s par les soci\u00e9t\u00e9s qui en sont propri\u00e9taires.<\/p><h5 class=\"wp-block-heading\"><strong><em><u>CNIL &amp; donn\u00e9es personnelles<\/u><\/em><\/strong><\/h5><p><strong><strong><strong><strong>AAPPMA Condat &#8211; Rhue et Santoire<\/strong><\/strong><\/strong><\/strong> conservera dans ses syst\u00e8mes informatiques et dans des conditions raisonnables de s\u00e9curit\u00e9 une preuve de la transaction comprenant le bon de commande et la facture.<\/p><p><strong><strong><strong>AAPPMA Condat &#8211; Rhue et Santoire<\/strong><\/strong><\/strong> a fait l\u2019objet d\u2019une d\u00e9claration \u00e0 la CNIL sous le num\u00e9ro <strong>en attente d\u2019obtention<\/strong>.<\/p><p>Conform\u00e9ment aux dispositions de la loi 78-17 du 6 janvier 1978 (modifi\u00e9e par la loi 2004-801 du 6 ao\u00fbt 2004 relative \u00e0 la protection des personnes physiques \u00e0 l\u2019\u00e9gard des traitements de donn\u00e9es \u00e0 caract\u00e8re personnel) relative \u00e0 l\u2019informatique, aux fichiers et aux libert\u00e9s, l\u2019utilisateur dispose d\u2019un droit d\u2019acc\u00e8s, de modification et de suppression des informations collect\u00e9es par <strong><strong><strong><strong>AAPPMA Condat &#8211; Rhue et Santoire<\/strong><\/strong><\/strong><\/strong>. Pour exercer ce droit, il reviendra \u00e0 l\u2019utilisateur d\u2019envoyer un message \u00e0 l\u2019adresse suivante : <a href=\"mailto:aappma.condat@gmail.com\"><a href=\"mailto:aappma.condat@gmail.com\">aappma.condat@gmail.com<\/a><\/a><\/p><p>Dans tous les cas, vous pouvez donc refuser de fournir vos donn\u00e9es personnelles. Dans ce cas, vous ne pourrez pas utiliser les services du site, notamment celui de solliciter des renseignements sur notre soci\u00e9t\u00e9, ou de recevoir les lettres d\u2019information.<\/p><p>Enfin, nous pouvons collecter de mani\u00e8re automatique certaines informations vous concernant. Lors d\u2019une simple navigation sur notre site Internet, notamment : des informations concernant l\u2019utilisation de notre site, comme les zones que vous visitez et les services auxquels vous acc\u00e9dez, votre adresse IP, le type de votre navigateur, vos temps d\u2019acc\u00e8s.<\/p><p>De telles informations sont utilis\u00e9es exclusivement \u00e0 des fins de statistiques internes, de mani\u00e8re \u00e0 am\u00e9liorer la qualit\u00e9 des services qui vous sont propos\u00e9s. Les bases de donn\u00e9es sont prot\u00e9g\u00e9es par les dispositions de la loi du 1er juillet 1998 transposant la directive 96\/9 du 11 mars 1996 relative \u00e0 la protection juridique des bases de donn\u00e9es.<\/p><h5 class=\"wp-block-heading\"><strong><em><u>Litiges<\/u><\/em><\/strong><\/h5><p>Les pr\u00e9sentes conditions du site \u00a0<strong>https:\/\/condat-cantal-peche.com<\/strong> sont r\u00e9gies par les lois fran\u00e7aises et toute contestation ou litiges qui pourraient na\u00eetre de l\u2019interpr\u00e9tation ou de l\u2019ex\u00e9cution de celles-ci seront de la comp\u00e9tence exclusive des tribunaux dont d\u00e9pend le si\u00e8ge social de la soci\u00e9t\u00e9. La langue de r\u00e9f\u00e9rence, pour le r\u00e8glement de contentieux \u00e9ventuels, est le fran\u00e7ais.<\/p>","protected":false},"excerpt":{"rendered":"<p>Pr\u00e9ambule La loi fran\u00e7aise oblige de faire figurer certaines mentions l\u00e9gales obligatoires sur un site web. Cela doit donc se faire \u00e0 travers une page facilement accessible. L\u2019objectif est donc avant toute chose la protection des internautes en leur permettant d\u2019identifier et de contacter les webmasters des sites visit\u00e9s. Ceci vaut d\u2019ailleurs aussi bien pour [&hellip;]<\/p>\n","protected":false},"author":1,"featured_media":0,"parent":0,"menu_order":0,"comment_status":"closed","ping_status":"closed","template":"","meta":{"footnotes":""},"class_list":["post-285","page","type-page","status-publish","hentry"],"yoast_head":"<!-- This site is optimized with the Yoast SEO plugin v27.3 - https:\/\/yoast.com\/product\/yoast-seo-wordpress\/ -->\n<title>Mentions l\u00e9gales - AAPPMA de Condat - Rhue &amp; Santoire<\/title>\n<meta name=\"description\" content=\"Mentions l\u00e9gales de AAPPMA Condat - Rhue et Santoire, association de p\u00eache dans le nord du Cantal, en Auvergne.\" \/>\n<meta name=\"robots\" content=\"index, follow, max-snippet:-1, max-image-preview:large, max-video-preview:-1\" \/>\n<link rel=\"canonical\" href=\"https:\/\/condat-cantal-peche.com\/index.php\/aappma-condat-rhue-et-santoire\/\" \/>\n<meta property=\"og:locale\" content=\"fr_FR\" \/>\n<meta property=\"og:type\" content=\"article\" \/>\n<meta property=\"og:title\" content=\"Mentions l\u00e9gales - AAPPMA de Condat - Rhue &amp; Santoire\" \/>\n<meta property=\"og:description\" content=\"Mentions l\u00e9gales de AAPPMA Condat - Rhue et Santoire, association de p\u00eache dans le nord du Cantal, en Auvergne.\" \/>\n<meta property=\"og:url\" content=\"https:\/\/condat-cantal-peche.com\/index.php\/aappma-condat-rhue-et-santoire\/\" \/>\n<meta property=\"og:site_name\" content=\"AAPPMA de Condat - Rhue &amp; Santoire\" \/>\n<meta property=\"article:modified_time\" content=\"2022-02-28T17:57:12+00:00\" \/>\n<meta property=\"og:image\" content=\"http:\/\/condat-cantal-peche.com\/wp-content\/uploads\/2022\/02\/Logo_RECTIFIE-AAPPMA_Condat_en_long_v2-1024x404.jpg\" \/>\n<meta name=\"twitter:card\" content=\"summary_large_image\" \/>\n<meta name=\"twitter:label1\" content=\"Dur\u00e9e de lecture estim\u00e9e\" \/>\n\t<meta name=\"twitter:data1\" content=\"7 minutes\" \/>\n<script type=\"application\/ld+json\" class=\"yoast-schema-graph\">{\"@context\":\"https:\\\/\\\/schema.org\",\"@graph\":[{\"@type\":\"WebPage\",\"@id\":\"https:\\\/\\\/condat-cantal-peche.com\\\/index.php\\\/aappma-condat-rhue-et-santoire\\\/\",\"url\":\"https:\\\/\\\/condat-cantal-peche.com\\\/index.php\\\/aappma-condat-rhue-et-santoire\\\/\",\"name\":\"Mentions l\u00e9gales - AAPPMA de Condat - Rhue &amp; Santoire\",\"isPartOf\":{\"@id\":\"https:\\\/\\\/condat-cantal-peche.com\\\/#website\"},\"primaryImageOfPage\":{\"@id\":\"https:\\\/\\\/condat-cantal-peche.com\\\/index.php\\\/aappma-condat-rhue-et-santoire\\\/#primaryimage\"},\"image\":{\"@id\":\"https:\\\/\\\/condat-cantal-peche.com\\\/index.php\\\/aappma-condat-rhue-et-santoire\\\/#primaryimage\"},\"thumbnailUrl\":\"http:\\\/\\\/condat-cantal-peche.com\\\/wp-content\\\/uploads\\\/2022\\\/02\\\/Logo_RECTIFIE-AAPPMA_Condat_en_long_v2-1024x404.jpg\",\"datePublished\":\"2022-02-28T15:49:16+00:00\",\"dateModified\":\"2022-02-28T17:57:12+00:00\",\"description\":\"Mentions l\u00e9gales de AAPPMA Condat - Rhue et Santoire, association de p\u00eache dans le nord du Cantal, en Auvergne.\",\"breadcrumb\":{\"@id\":\"https:\\\/\\\/condat-cantal-peche.com\\\/index.php\\\/aappma-condat-rhue-et-santoire\\\/#breadcrumb\"},\"inLanguage\":\"fr-FR\",\"potentialAction\":[{\"@type\":\"ReadAction\",\"target\":[\"https:\\\/\\\/condat-cantal-peche.com\\\/index.php\\\/aappma-condat-rhue-et-santoire\\\/\"]}]},{\"@type\":\"ImageObject\",\"inLanguage\":\"fr-FR\",\"@id\":\"https:\\\/\\\/condat-cantal-peche.com\\\/index.php\\\/aappma-condat-rhue-et-santoire\\\/#primaryimage\",\"url\":\"http:\\\/\\\/condat-cantal-peche.com\\\/wp-content\\\/uploads\\\/2022\\\/02\\\/Logo_RECTIFIE-AAPPMA_Condat_en_long_v2-1024x404.jpg\",\"contentUrl\":\"http:\\\/\\\/condat-cantal-peche.com\\\/wp-content\\\/uploads\\\/2022\\\/02\\\/Logo_RECTIFIE-AAPPMA_Condat_en_long_v2-1024x404.jpg\"},{\"@type\":\"BreadcrumbList\",\"@id\":\"https:\\\/\\\/condat-cantal-peche.com\\\/index.php\\\/aappma-condat-rhue-et-santoire\\\/#breadcrumb\",\"itemListElement\":[{\"@type\":\"ListItem\",\"position\":1,\"name\":\"Accueil\",\"item\":\"https:\\\/\\\/condat-cantal-peche.com\\\/\"},{\"@type\":\"ListItem\",\"position\":2,\"name\":\"Mentions l\u00e9gales\"}]},{\"@type\":\"WebSite\",\"@id\":\"https:\\\/\\\/condat-cantal-peche.com\\\/#website\",\"url\":\"https:\\\/\\\/condat-cantal-peche.com\\\/\",\"name\":\"AAPPMA de Condat - Rhue &amp; Santoire\",\"description\":\"La p\u00eache dans le Cantal\",\"publisher\":{\"@id\":\"https:\\\/\\\/condat-cantal-peche.com\\\/#organization\"},\"potentialAction\":[{\"@type\":\"SearchAction\",\"target\":{\"@type\":\"EntryPoint\",\"urlTemplate\":\"https:\\\/\\\/condat-cantal-peche.com\\\/?s={search_term_string}\"},\"query-input\":{\"@type\":\"PropertyValueSpecification\",\"valueRequired\":true,\"valueName\":\"search_term_string\"}}],\"inLanguage\":\"fr-FR\"},{\"@type\":\"Organization\",\"@id\":\"https:\\\/\\\/condat-cantal-peche.com\\\/#organization\",\"name\":\"AAPPMA de Condat - Rhue &amp; Santoire\",\"url\":\"https:\\\/\\\/condat-cantal-peche.com\\\/\",\"logo\":{\"@type\":\"ImageObject\",\"inLanguage\":\"fr-FR\",\"@id\":\"https:\\\/\\\/condat-cantal-peche.com\\\/#\\\/schema\\\/logo\\\/image\\\/\",\"url\":\"https:\\\/\\\/i0.wp.com\\\/condat-cantal-peche.com\\\/wp-content\\\/uploads\\\/2022\\\/02\\\/cropped-Logo_RECTIFIE-AAPPMA_Condat_en_long_v2-3.jpg?fit=2325%2C917&ssl=1\",\"contentUrl\":\"https:\\\/\\\/i0.wp.com\\\/condat-cantal-peche.com\\\/wp-content\\\/uploads\\\/2022\\\/02\\\/cropped-Logo_RECTIFIE-AAPPMA_Condat_en_long_v2-3.jpg?fit=2325%2C917&ssl=1\",\"width\":2325,\"height\":917,\"caption\":\"AAPPMA de Condat - Rhue &amp; Santoire\"},\"image\":{\"@id\":\"https:\\\/\\\/condat-cantal-peche.com\\\/#\\\/schema\\\/logo\\\/image\\\/\"}}]}<\/script>\n<!-- \/ Yoast SEO plugin. -->","yoast_head_json":{"title":"Mentions l\u00e9gales - AAPPMA de Condat - Rhue &amp; Santoire","description":"Mentions l\u00e9gales de AAPPMA Condat - Rhue et Santoire, association de p\u00eache dans le nord du Cantal, en Auvergne.","robots":{"index":"index","follow":"follow","max-snippet":"max-snippet:-1","max-image-preview":"max-image-preview:large","max-video-preview":"max-video-preview:-1"},"canonical":"https:\/\/condat-cantal-peche.com\/index.php\/aappma-condat-rhue-et-santoire\/","og_locale":"fr_FR","og_type":"article","og_title":"Mentions l\u00e9gales - AAPPMA de Condat - Rhue &amp; Santoire","og_description":"Mentions l\u00e9gales de AAPPMA Condat - Rhue et Santoire, association de p\u00eache dans le nord du Cantal, en Auvergne.","og_url":"https:\/\/condat-cantal-peche.com\/index.php\/aappma-condat-rhue-et-santoire\/","og_site_name":"AAPPMA de Condat - Rhue &amp; Santoire","article_modified_time":"2022-02-28T17:57:12+00:00","og_image":[{"url":"http:\/\/condat-cantal-peche.com\/wp-content\/uploads\/2022\/02\/Logo_RECTIFIE-AAPPMA_Condat_en_long_v2-1024x404.jpg","type":"","width":"","height":""}],"twitter_card":"summary_large_image","twitter_misc":{"Dur\u00e9e de lecture estim\u00e9e":"7 minutes"},"schema":{"@context":"https:\/\/schema.org","@graph":[{"@type":"WebPage","@id":"https:\/\/condat-cantal-peche.com\/index.php\/aappma-condat-rhue-et-santoire\/","url":"https:\/\/condat-cantal-peche.com\/index.php\/aappma-condat-rhue-et-santoire\/","name":"Mentions l\u00e9gales - AAPPMA de Condat - Rhue &amp; Santoire","isPartOf":{"@id":"https:\/\/condat-cantal-peche.com\/#website"},"primaryImageOfPage":{"@id":"https:\/\/condat-cantal-peche.com\/index.php\/aappma-condat-rhue-et-santoire\/#primaryimage"},"image":{"@id":"https:\/\/condat-cantal-peche.com\/index.php\/aappma-condat-rhue-et-santoire\/#primaryimage"},"thumbnailUrl":"http:\/\/condat-cantal-peche.com\/wp-content\/uploads\/2022\/02\/Logo_RECTIFIE-AAPPMA_Condat_en_long_v2-1024x404.jpg","datePublished":"2022-02-28T15:49:16+00:00","dateModified":"2022-02-28T17:57:12+00:00","description":"Mentions l\u00e9gales de AAPPMA Condat - Rhue et Santoire, association de p\u00eache dans le nord du Cantal, en Auvergne.","breadcrumb":{"@id":"https:\/\/condat-cantal-peche.com\/index.php\/aappma-condat-rhue-et-santoire\/#breadcrumb"},"inLanguage":"fr-FR","potentialAction":[{"@type":"ReadAction","target":["https:\/\/condat-cantal-peche.com\/index.php\/aappma-condat-rhue-et-santoire\/"]}]},{"@type":"ImageObject","inLanguage":"fr-FR","@id":"https:\/\/condat-cantal-peche.com\/index.php\/aappma-condat-rhue-et-santoire\/#primaryimage","url":"http:\/\/condat-cantal-peche.com\/wp-content\/uploads\/2022\/02\/Logo_RECTIFIE-AAPPMA_Condat_en_long_v2-1024x404.jpg","contentUrl":"http:\/\/condat-cantal-peche.com\/wp-content\/uploads\/2022\/02\/Logo_RECTIFIE-AAPPMA_Condat_en_long_v2-1024x404.jpg"},{"@type":"BreadcrumbList","@id":"https:\/\/condat-cantal-peche.com\/index.php\/aappma-condat-rhue-et-santoire\/#breadcrumb","itemListElement":[{"@type":"ListItem","position":1,"name":"Accueil","item":"https:\/\/condat-cantal-peche.com\/"},{"@type":"ListItem","position":2,"name":"Mentions l\u00e9gales"}]},{"@type":"WebSite","@id":"https:\/\/condat-cantal-peche.com\/#website","url":"https:\/\/condat-cantal-peche.com\/","name":"AAPPMA de Condat - Rhue &amp; Santoire","description":"La p\u00eache dans le Cantal","publisher":{"@id":"https:\/\/condat-cantal-peche.com\/#organization"},"potentialAction":[{"@type":"SearchAction","target":{"@type":"EntryPoint","urlTemplate":"https:\/\/condat-cantal-peche.com\/?s={search_term_string}"},"query-input":{"@type":"PropertyValueSpecification","valueRequired":true,"valueName":"search_term_string"}}],"inLanguage":"fr-FR"},{"@type":"Organization","@id":"https:\/\/condat-cantal-peche.com\/#organization","name":"AAPPMA de Condat - Rhue &amp; Santoire","url":"https:\/\/condat-cantal-peche.com\/","logo":{"@type":"ImageObject","inLanguage":"fr-FR","@id":"https:\/\/condat-cantal-peche.com\/#\/schema\/logo\/image\/","url":"https:\/\/i0.wp.com\/condat-cantal-peche.com\/wp-content\/uploads\/2022\/02\/cropped-Logo_RECTIFIE-AAPPMA_Condat_en_long_v2-3.jpg?fit=2325%2C917&ssl=1","contentUrl":"https:\/\/i0.wp.com\/condat-cantal-peche.com\/wp-content\/uploads\/2022\/02\/cropped-Logo_RECTIFIE-AAPPMA_Condat_en_long_v2-3.jpg?fit=2325%2C917&ssl=1","width":2325,"height":917,"caption":"AAPPMA de Condat - Rhue &amp; Santoire"},"image":{"@id":"https:\/\/condat-cantal-peche.com\/#\/schema\/logo\/image\/"}}]}},"jetpack_sharing_enabled":true,"jetpack_likes_enabled":true,"_links":{"self":[{"href":"https:\/\/condat-cantal-peche.com\/index.php\/wp-json\/wp\/v2\/pages\/285","targetHints":{"allow":["GET"]}}],"collection":[{"href":"https:\/\/condat-cantal-peche.com\/index.php\/wp-json\/wp\/v2\/pages"}],"about":[{"href":"https:\/\/condat-cantal-peche.com\/index.php\/wp-json\/wp\/v2\/types\/page"}],"author":[{"embeddable":true,"href":"https:\/\/condat-cantal-peche.com\/index.php\/wp-json\/wp\/v2\/users\/1"}],"replies":[{"embeddable":true,"href":"https:\/\/condat-cantal-peche.com\/index.php\/wp-json\/wp\/v2\/comments?post=285"}],"version-history":[{"count":2,"href":"https:\/\/condat-cantal-peche.com\/index.php\/wp-json\/wp\/v2\/pages\/285\/revisions"}],"predecessor-version":[{"id":289,"href":"https:\/\/condat-cantal-peche.com\/index.php\/wp-json\/wp\/v2\/pages\/285\/revisions\/289"}],"wp:attachment":[{"href":"https:\/\/condat-cantal-peche.com\/index.php\/wp-json\/wp\/v2\/media?parent=285"}],"curies":[{"name":"wp","href":"https:\/\/api.w.org\/{rel}","templated":true}]}}