{"id":37,"date":"2022-02-26T13:49:52","date_gmt":"2022-02-26T12:49:52","guid":{"rendered":"https:\/\/condat-cantal-peche.com\/?page_id=37"},"modified":"2024-12-08T18:09:35","modified_gmt":"2024-12-08T17:09:35","slug":"equipe-de-laappma-de-condat","status":"publish","type":"page","link":"https:\/\/condat-cantal-peche.com\/index.php\/equipe-de-laappma-de-condat\/","title":{"rendered":"Notre \u00e9quipe"},"content":{"rendered":"<p>L&rsquo;\u00e9quipe de l&rsquo;AAPPMA de Condat &#8211; Rhue et Santoire dispose comme toutes les associations : <\/p><ul class=\"wp-block-list\"><li>d&rsquo;un bureau,<\/li>\n\n<li>d&rsquo;un conseil d&rsquo;administration<\/li>\n\n<li>des membres de son association<\/li><\/ul><div style=\"height:20px\" aria-hidden=\"true\" class=\"wp-block-spacer\"><\/div><h3 class=\"wp-block-heading\"><strong><em>Organisation de l&rsquo;\u00e9quipe de l&rsquo;AAPMA de Condat<\/em><\/strong><\/h3><div style=\"height:20px\" aria-hidden=\"true\" class=\"wp-block-spacer\"><\/div><div class=\"wp-block-columns is-layout-flex wp-container-core-columns-is-layout-9d6595d7 wp-block-columns-is-layout-flex\"><div class=\"wp-block-column is-layout-flow wp-block-column-is-layout-flow\"><figure class=\"wp-block-image size-large\"><img data-recalc-dims=\"1\" loading=\"lazy\" decoding=\"async\" width=\"1024\" height=\"768\" src=\"https:\/\/i0.wp.com\/condat-cantal-peche.com\/wp-content\/uploads\/2022\/02\/IMG_20200223_094634.jpg?resize=1024%2C768&#038;ssl=1\" alt=\"r\u00e9union de l'\u00e9quipe de l'AAPPMA de Condat Rhue et Santoire dans le Cantal, en Auvergne\" class=\"wp-image-247\" srcset=\"https:\/\/i0.wp.com\/condat-cantal-peche.com\/wp-content\/uploads\/2022\/02\/IMG_20200223_094634-scaled.jpg?resize=1024%2C768&amp;ssl=1 1024w, https:\/\/i0.wp.com\/condat-cantal-peche.com\/wp-content\/uploads\/2022\/02\/IMG_20200223_094634-scaled.jpg?resize=300%2C225&amp;ssl=1 300w, https:\/\/i0.wp.com\/condat-cantal-peche.com\/wp-content\/uploads\/2022\/02\/IMG_20200223_094634-scaled.jpg?resize=768%2C576&amp;ssl=1 768w, https:\/\/i0.wp.com\/condat-cantal-peche.com\/wp-content\/uploads\/2022\/02\/IMG_20200223_094634-scaled.jpg?resize=1536%2C1152&amp;ssl=1 1536w, https:\/\/i0.wp.com\/condat-cantal-peche.com\/wp-content\/uploads\/2022\/02\/IMG_20200223_094634-scaled.jpg?resize=2048%2C1536&amp;ssl=1 2048w, https:\/\/i0.wp.com\/condat-cantal-peche.com\/wp-content\/uploads\/2022\/02\/IMG_20200223_094634-scaled.jpg?w=2340&amp;ssl=1 2340w\" sizes=\"auto, (max-width: 1024px) 100vw, 1024px\" \/><\/figure><\/div>\n\n<div class=\"wp-block-column is-layout-flow wp-block-column-is-layout-flow\"><p class=\"has-drop-cap\">Notre association, bas\u00e9e \u00e0 <a href=\"https:\/\/www.facebook.com\/condat.cantalauvergne\" target=\"_blank\" rel=\"noreferrer noopener\">Condat en Fenier dans le Cantal<\/a>, est une association agr\u00e9\u00e9e de p\u00eache et pour la protection du milieu aquatique. Elle oeuvre chaque ann\u00e9e gr\u00e2ce \u00e0 un conseil d&rsquo;administration engag\u00e9 et motiv\u00e9. Elle se r\u00e9unit chaque ann\u00e9e en assembl\u00e9e g\u00e9n\u00e9rale comme cela est pr\u00e9vu dans les statuts. Lors de la derni\u00e8re assembl\u00e9e g\u00e9n\u00e9rale, le conseil d&rsquo;administration et le bureau se sont vus reconduits dans leurs missions.<\/p><\/div><\/div><div style=\"height:20px\" aria-hidden=\"true\" class=\"wp-block-spacer\"><\/div><h3 class=\"wp-block-heading\"><strong><em>Le bureau de l&rsquo;association <\/em><\/strong><\/h3><div style=\"height:20px\" aria-hidden=\"true\" class=\"wp-block-spacer\"><\/div><div class=\"wp-block-columns is-layout-flex wp-container-core-columns-is-layout-9d6595d7 wp-block-columns-is-layout-flex\"><div class=\"wp-block-column is-layout-flow wp-block-column-is-layout-flow\"><div class=\"wp-block-image\"><figure class=\"aligncenter size-full\"><img data-recalc-dims=\"1\" loading=\"lazy\" decoding=\"async\" width=\"192\" height=\"226\" src=\"https:\/\/i0.wp.com\/condat-cantal-peche.com\/wp-content\/uploads\/2022\/02\/Yannick-Tournadre-president-AAPPMA-Condat.jpg?resize=192%2C226&#038;ssl=1\" alt=\"\" class=\"wp-image-249\"\/><\/figure><\/div>\n\n<div style=\"height:10px\" aria-hidden=\"true\" class=\"wp-block-spacer\"><\/div>\n\n<h4 class=\"wp-block-heading has-text-align-center\"><strong><em>Yannick TOURNADRE<\/em><\/strong><\/h4>\n\n<p class=\"has-text-align-center\">Pr\u00e9sident<\/p><\/div>\n\n<div class=\"wp-block-column is-layout-flow wp-block-column-is-layout-flow\"><div class=\"wp-block-image\"><figure class=\"aligncenter size-full is-resized\"><img data-recalc-dims=\"1\" loading=\"lazy\" decoding=\"async\" width=\"960\" height=\"959\" src=\"https:\/\/i0.wp.com\/condat-cantal-peche.com\/wp-content\/uploads\/2024\/12\/314342191_5281324821979601_4086471681975983935_n.jpg?resize=960%2C959&#038;ssl=1\" alt=\"\" class=\"wp-image-376\" style=\"width:180px;height:auto\" srcset=\"https:\/\/i0.wp.com\/condat-cantal-peche.com\/wp-content\/uploads\/2024\/12\/314342191_5281324821979601_4086471681975983935_n.jpg?w=960&amp;ssl=1 960w, https:\/\/i0.wp.com\/condat-cantal-peche.com\/wp-content\/uploads\/2024\/12\/314342191_5281324821979601_4086471681975983935_n.jpg?resize=300%2C300&amp;ssl=1 300w, https:\/\/i0.wp.com\/condat-cantal-peche.com\/wp-content\/uploads\/2024\/12\/314342191_5281324821979601_4086471681975983935_n.jpg?resize=150%2C150&amp;ssl=1 150w, https:\/\/i0.wp.com\/condat-cantal-peche.com\/wp-content\/uploads\/2024\/12\/314342191_5281324821979601_4086471681975983935_n.jpg?resize=768%2C767&amp;ssl=1 768w, https:\/\/i0.wp.com\/condat-cantal-peche.com\/wp-content\/uploads\/2024\/12\/314342191_5281324821979601_4086471681975983935_n.jpg?resize=600%2C599&amp;ssl=1 600w, https:\/\/i0.wp.com\/condat-cantal-peche.com\/wp-content\/uploads\/2024\/12\/314342191_5281324821979601_4086471681975983935_n.jpg?resize=100%2C100&amp;ssl=1 100w\" sizes=\"auto, (max-width: 960px) 100vw, 960px\" \/><\/figure><\/div>\n\n<div style=\"height:10px\" aria-hidden=\"true\" class=\"wp-block-spacer\"><\/div>\n\n<h4 class=\"wp-block-heading has-text-align-center\"><strong><em>Philippe VENEL<\/em><\/strong><\/h4>\n\n<p class=\"has-text-align-center\">Tr\u00e9sorier<\/p><\/div>\n\n<div class=\"wp-block-column is-layout-flow wp-block-column-is-layout-flow\"><div class=\"wp-block-image\"><figure class=\"aligncenter size-full\"><img data-recalc-dims=\"1\" loading=\"lazy\" decoding=\"async\" width=\"192\" height=\"226\" src=\"https:\/\/i0.wp.com\/condat-cantal-peche.com\/wp-content\/uploads\/2022\/02\/Sarah-CROZEMARI-secretaire-AAPPMA-Condat.jpg?resize=192%2C226&#038;ssl=1\" alt=\"\" class=\"wp-image-248\"\/><\/figure><\/div>\n\n<div style=\"height:10px\" aria-hidden=\"true\" class=\"wp-block-spacer\"><\/div>\n\n<h4 class=\"wp-block-heading has-text-align-center\"><strong><em>Sarah CROZEMARIE<\/em><\/strong><\/h4>\n\n<p class=\"has-text-align-center\">Secr\u00e9taire<\/p><\/div><\/div><div style=\"height:20px\" aria-hidden=\"true\" class=\"wp-block-spacer\"><\/div><h3 class=\"wp-block-heading\"><strong><em>Le conseil d&rsquo;administration de l&rsquo;AAPPMA<\/em><\/strong><\/h3><div style=\"height:20px\" aria-hidden=\"true\" class=\"wp-block-spacer\"><\/div><p class=\"has-drop-cap\">Comme toute association, <a href=\"https:\/\/condat-cantal-peche.com\/index.php\/aappma-de-condat-rhue-et-santoire-2\/\">notre AAPPMA<\/a> dispose \u00e9galement d&rsquo;un conseil d&rsquo;administration. R\u00e9uni de mani\u00e8re r\u00e9guli\u00e8re tout au long de l&rsquo;ann\u00e9e, c&rsquo;est l&rsquo;instance qui valide les d\u00e9cisions et les actions. Il se compose donc des membres suivants : <\/p><figure class=\"wp-block-table\"><table><tbody><tr><td><strong>FONCTION<\/strong><\/td><td><strong>NOM<\/strong><\/td><td class=\"has-text-align-left\" data-align=\"left\"><strong>PR\u00c9NOM<\/strong><\/td><\/tr><tr><td>PR\u00c9SIDENT <\/td><td>TOURNADRE<\/td><td class=\"has-text-align-left\" data-align=\"left\">YANNICK<\/td><\/tr><tr><td>VICE PR\u00c9SIDENT<\/td><td>ANDRIEUX<\/td><td class=\"has-text-align-left\" data-align=\"left\">PIERRE<\/td><\/tr><tr><td>TR\u00c9SORIER<\/td><td>VENEL<\/td><td class=\"has-text-align-left\" data-align=\"left\">PHILIPPE<\/td><\/tr><tr><td>SECR\u00c9TAIRE<\/td><td>CROZEMARIE<\/td><td class=\"has-text-align-left\" data-align=\"left\">SARAH<\/td><\/tr><tr><td>MEMBRE<\/td><td>GARDET<\/td><td class=\"has-text-align-left\" data-align=\"left\">JEAN-PAUL<\/td><\/tr><tr><td>MEMBRE<\/td><td>MAGE<\/td><td class=\"has-text-align-left\" data-align=\"left\">DENIS<\/td><\/tr><tr><td>MEMBRE<\/td><td>PAPON<\/td><td class=\"has-text-align-left\" data-align=\"left\">THIERRY<\/td><\/tr><tr><td>MEMBRE<\/td><td>TOURNADRE<\/td><td class=\"has-text-align-left\" data-align=\"left\">ROBERT<\/td><\/tr><tr><td>MEMBRE<\/td><td>AUZARY<\/td><td class=\"has-text-align-left\" data-align=\"left\">EMMANUEL<\/td><\/tr><tr><td>MEMBRE<\/td><td>FLORET<\/td><td class=\"has-text-align-left\" data-align=\"left\">JACQUES<\/td><\/tr><tr><td>MEMBRE<\/td><td>ROUSSELOT<\/td><td class=\"has-text-align-left\" data-align=\"left\">NATHALIE<\/td><\/tr><\/tbody><\/table><\/figure><div style=\"height:20px\" aria-hidden=\"true\" class=\"wp-block-spacer\"><\/div><h5 class=\"wp-block-heading has-text-align-center\"><strong><em>Vous souhaitez contacter l&rsquo;\u00e9quipe de l&rsquo;AAPPMA de Condat ?<\/em><\/strong><\/h5><p class=\"has-text-align-center\"><strong><em>Voici notre mail direct : <\/em><\/strong><\/p><p class=\"has-text-align-center\"><a href=\"mailto:aappma.condat@gmail.com\"><strong>aappma.condat@gmail.com<\/strong><\/a><\/p><div style=\"height:20px\" aria-hidden=\"true\" class=\"wp-block-spacer\"><\/div><hr class=\"wp-block-separator has-css-opacity\"\/><h4 class=\"wp-block-heading\"><strong><em>Plus d&rsquo;informations sur l&rsquo;AAPPMA de Condat : <\/em><\/strong><\/h4><ul class=\"wp-block-page-list\"><li class=\"wp-block-pages-list__item\"><a class=\"wp-block-pages-list__item__link\" href=\"https:\/\/condat-cantal-peche.com\/index.php\/aappma-de-condat-rhue-et-santoire-2\/\">AAPPMA<\/a><\/li><li class=\"wp-block-pages-list__item\"><a class=\"wp-block-pages-list__item__link\" href=\"https:\/\/condat-cantal-peche.com\/index.php\/bienvenu-dans-le-cantal\/\">Accueil<\/a><\/li><li class=\"wp-block-pages-list__item menu-item-home\"><a class=\"wp-block-pages-list__item__link\" href=\"https:\/\/condat-cantal-peche.com\/\">Accueil<\/a><\/li><li class=\"wp-block-pages-list__item\"><a class=\"wp-block-pages-list__item__link\" href=\"https:\/\/condat-cantal-peche.com\/index.php\/blog\/\">Blog<\/a><\/li><li class=\"wp-block-pages-list__item\"><a class=\"wp-block-pages-list__item__link\" href=\"https:\/\/condat-cantal-peche.com\/index.php\/boutique\/\">Boutique<\/a><\/li><li class=\"wp-block-pages-list__item\"><a class=\"wp-block-pages-list__item__link\" href=\"https:\/\/condat-cantal-peche.com\/index.php\/vos-cartes-de-peche-avec-aappma-de-condat\/\">Carte de p\u00eache<\/a><\/li><li class=\"wp-block-pages-list__item\"><a class=\"wp-block-pages-list__item__link\" href=\"https:\/\/condat-cantal-peche.com\/index.php\/aappma-de-condat-rhue-et-santoire\/\">Contact<\/a><\/li><li class=\"wp-block-pages-list__item\"><a class=\"wp-block-pages-list__item__link\" href=\"https:\/\/condat-cantal-peche.com\/index.php\/ecole-de-peche-dans-le-cantal\/\">\u00c9cole de p\u00eache<\/a><\/li><li class=\"wp-block-pages-list__item\"><a class=\"wp-block-pages-list__item__link\" href=\"https:\/\/condat-cantal-peche.com\/index.php\/aappma-condat-rhue-et-santoire\/\">Mentions l\u00e9gales<\/a><\/li><li class=\"wp-block-pages-list__item\"><a class=\"wp-block-pages-list__item__link\" href=\"https:\/\/condat-cantal-peche.com\/index.php\/mon-compte\/\">Mon compte<\/a><\/li><li class=\"wp-block-pages-list__item\"><a class=\"wp-block-pages-list__item__link\" href=\"https:\/\/condat-cantal-peche.com\/index.php\/no-kill-de-condat-dans-le-cantal\/\">No-kill de Condat<\/a><\/li><li class=\"wp-block-pages-list__item\"><a class=\"wp-block-pages-list__item__link\" href=\"https:\/\/condat-cantal-peche.com\/index.php\/no-kill-de-la-santoire-dans-le-cantal\/\">No-kill de la Santoire<\/a><\/li><li class=\"wp-block-pages-list__item\"><a class=\"wp-block-pages-list__item__link\" href=\"https:\/\/condat-cantal-peche.com\/index.php\/equipe-de-laappma-de-condat\/\">Notre \u00e9quipe<\/a><\/li><li class=\"wp-block-pages-list__item\"><a class=\"wp-block-pages-list__item__link\" href=\"https:\/\/condat-cantal-peche.com\/index.php\/page-daccueil\/\">Page d\u2019accueil<\/a><\/li><li class=\"wp-block-pages-list__item\"><a class=\"wp-block-pages-list__item__link\" href=\"https:\/\/condat-cantal-peche.com\/index.php\/panier\/\">Panier<\/a><\/li><li class=\"wp-block-pages-list__item\"><a class=\"wp-block-pages-list__item__link\" href=\"https:\/\/condat-cantal-peche.com\/index.php\/plan-deau-des-vedisses-a-condat\/\">Plan d&rsquo;eau des V\u00e9disses<\/a><\/li><li class=\"wp-block-pages-list__item\"><a class=\"wp-block-pages-list__item__link\" href=\"https:\/\/condat-cantal-peche.com\/index.php\/reglementation-de-la-peche-dans-le-cantal\/\">R\u00e8glementation<\/a><\/li><li class=\"wp-block-pages-list__item\"><a class=\"wp-block-pages-list__item__link\" href=\"https:\/\/condat-cantal-peche.com\/index.php\/peche-dans-le-cantal-2\/\">Territoire<\/a><\/li><li class=\"wp-block-pages-list__item\"><a class=\"wp-block-pages-list__item__link\" href=\"https:\/\/condat-cantal-peche.com\/index.php\/aappma-de-condat-dans-le-nord-du-cantal\/\">Tourisme<\/a><\/li><li class=\"wp-block-pages-list__item\"><a class=\"wp-block-pages-list__item__link\" href=\"https:\/\/condat-cantal-peche.com\/index.php\/commander\/\">Validation de la commande<\/a><\/li><\/ul>","protected":false},"excerpt":{"rendered":"<p>L&rsquo;\u00e9quipe de l&rsquo;AAPPMA de Condat &#8211; Rhue et Santoire dispose comme toutes les associations : Organisation de l&rsquo;\u00e9quipe de l&rsquo;AAPMA de Condat Notre association, bas\u00e9e \u00e0 Condat en Fenier dans le Cantal, est une association agr\u00e9\u00e9e de p\u00eache et pour la protection du milieu aquatique. Elle oeuvre chaque ann\u00e9e gr\u00e2ce \u00e0 un conseil d&rsquo;administration engag\u00e9 [&hellip;]<\/p>\n","protected":false},"author":1,"featured_media":0,"parent":0,"menu_order":0,"comment_status":"closed","ping_status":"closed","template":"","meta":{"footnotes":""},"class_list":["post-37","page","type-page","status-publish","hentry"],"yoast_head":"<!-- This site is optimized with the Yoast SEO plugin v27.4 - https:\/\/yoast.com\/product\/yoast-seo-wordpress\/ -->\n<title>Notre \u00e9quipe - AAPPMA de Condat - Rhue &amp; Santoire<\/title>\n<meta name=\"description\" content=\"D\u00e9couvrez notre \u00e9quipe de l&#039;AAPPMA de Condat, une association de p\u00eache situ\u00e9e dans le nord du Cantal, au coeur de l&#039;Auvergne.\" \/>\n<meta name=\"robots\" content=\"index, follow, max-snippet:-1, max-image-preview:large, max-video-preview:-1\" \/>\n<link rel=\"canonical\" href=\"https:\/\/condat-cantal-peche.com\/index.php\/equipe-de-laappma-de-condat\/\" \/>\n<meta property=\"og:locale\" content=\"fr_FR\" \/>\n<meta property=\"og:type\" content=\"article\" \/>\n<meta property=\"og:title\" content=\"\u00e9quipe de l&#039;AAPPMA de Condat\" \/>\n<meta property=\"og:description\" content=\"D\u00e9couvrez notre \u00e9quipe de l&#039;AAPPMA de Condat, une association de p\u00eache situ\u00e9e dans le nord du Cantal, au coeur de l&#039;Auvergne.\" \/>\n<meta property=\"og:url\" content=\"https:\/\/condat-cantal-peche.com\/index.php\/equipe-de-laappma-de-condat\/\" \/>\n<meta property=\"og:site_name\" content=\"AAPPMA de Condat - Rhue &amp; Santoire\" \/>\n<meta property=\"article:modified_time\" content=\"2024-12-08T17:09:35+00:00\" \/>\n<meta property=\"og:image\" content=\"https:\/\/condat-cantal-peche.com\/wp-content\/uploads\/2022\/02\/Logo_RECTIFIE-AAPPMA_Condat_en_long_v2.jpg\" \/>\n\t<meta property=\"og:image:width\" content=\"2325\" \/>\n\t<meta property=\"og:image:height\" content=\"917\" \/>\n\t<meta property=\"og:image:type\" content=\"image\/jpeg\" \/>\n<meta name=\"twitter:card\" content=\"summary_large_image\" \/>\n<meta name=\"twitter:label1\" content=\"Dur\u00e9e de lecture estim\u00e9e\" \/>\n\t<meta name=\"twitter:data1\" content=\"2 minutes\" \/>\n<script type=\"application\/ld+json\" class=\"yoast-schema-graph\">{\"@context\":\"https:\\\/\\\/schema.org\",\"@graph\":[{\"@type\":\"WebPage\",\"@id\":\"https:\\\/\\\/condat-cantal-peche.com\\\/index.php\\\/equipe-de-laappma-de-condat\\\/\",\"url\":\"https:\\\/\\\/condat-cantal-peche.com\\\/index.php\\\/equipe-de-laappma-de-condat\\\/\",\"name\":\"Notre \u00e9quipe - AAPPMA de Condat - Rhue &amp; Santoire\",\"isPartOf\":{\"@id\":\"https:\\\/\\\/condat-cantal-peche.com\\\/#website\"},\"primaryImageOfPage\":{\"@id\":\"https:\\\/\\\/condat-cantal-peche.com\\\/index.php\\\/equipe-de-laappma-de-condat\\\/#primaryimage\"},\"image\":{\"@id\":\"https:\\\/\\\/condat-cantal-peche.com\\\/index.php\\\/equipe-de-laappma-de-condat\\\/#primaryimage\"},\"thumbnailUrl\":\"http:\\\/\\\/condat-cantal-peche.com\\\/wp-content\\\/uploads\\\/2022\\\/02\\\/IMG_20200223_094634-1024x768.jpg\",\"datePublished\":\"2022-02-26T12:49:52+00:00\",\"dateModified\":\"2024-12-08T17:09:35+00:00\",\"description\":\"D\u00e9couvrez notre \u00e9quipe de l'AAPPMA de Condat, une association de p\u00eache situ\u00e9e dans le nord du Cantal, au coeur de l'Auvergne.\",\"breadcrumb\":{\"@id\":\"https:\\\/\\\/condat-cantal-peche.com\\\/index.php\\\/equipe-de-laappma-de-condat\\\/#breadcrumb\"},\"inLanguage\":\"fr-FR\",\"potentialAction\":[{\"@type\":\"ReadAction\",\"target\":[\"https:\\\/\\\/condat-cantal-peche.com\\\/index.php\\\/equipe-de-laappma-de-condat\\\/\"]}]},{\"@type\":\"ImageObject\",\"inLanguage\":\"fr-FR\",\"@id\":\"https:\\\/\\\/condat-cantal-peche.com\\\/index.php\\\/equipe-de-laappma-de-condat\\\/#primaryimage\",\"url\":\"http:\\\/\\\/condat-cantal-peche.com\\\/wp-content\\\/uploads\\\/2022\\\/02\\\/IMG_20200223_094634-1024x768.jpg\",\"contentUrl\":\"http:\\\/\\\/condat-cantal-peche.com\\\/wp-content\\\/uploads\\\/2022\\\/02\\\/IMG_20200223_094634-1024x768.jpg\"},{\"@type\":\"BreadcrumbList\",\"@id\":\"https:\\\/\\\/condat-cantal-peche.com\\\/index.php\\\/equipe-de-laappma-de-condat\\\/#breadcrumb\",\"itemListElement\":[{\"@type\":\"ListItem\",\"position\":1,\"name\":\"Accueil\",\"item\":\"https:\\\/\\\/condat-cantal-peche.com\\\/\"},{\"@type\":\"ListItem\",\"position\":2,\"name\":\"Notre \u00e9quipe\"}]},{\"@type\":\"WebSite\",\"@id\":\"https:\\\/\\\/condat-cantal-peche.com\\\/#website\",\"url\":\"https:\\\/\\\/condat-cantal-peche.com\\\/\",\"name\":\"AAPPMA de Condat - Rhue &amp; Santoire\",\"description\":\"La p\u00eache dans le Cantal\",\"publisher\":{\"@id\":\"https:\\\/\\\/condat-cantal-peche.com\\\/#organization\"},\"potentialAction\":[{\"@type\":\"SearchAction\",\"target\":{\"@type\":\"EntryPoint\",\"urlTemplate\":\"https:\\\/\\\/condat-cantal-peche.com\\\/?s={search_term_string}\"},\"query-input\":{\"@type\":\"PropertyValueSpecification\",\"valueRequired\":true,\"valueName\":\"search_term_string\"}}],\"inLanguage\":\"fr-FR\"},{\"@type\":\"Organization\",\"@id\":\"https:\\\/\\\/condat-cantal-peche.com\\\/#organization\",\"name\":\"AAPPMA de Condat - Rhue &amp; Santoire\",\"url\":\"https:\\\/\\\/condat-cantal-peche.com\\\/\",\"logo\":{\"@type\":\"ImageObject\",\"inLanguage\":\"fr-FR\",\"@id\":\"https:\\\/\\\/condat-cantal-peche.com\\\/#\\\/schema\\\/logo\\\/image\\\/\",\"url\":\"https:\\\/\\\/i0.wp.com\\\/condat-cantal-peche.com\\\/wp-content\\\/uploads\\\/2022\\\/02\\\/cropped-Logo_RECTIFIE-AAPPMA_Condat_en_long_v2-3.jpg?fit=2325%2C917&ssl=1\",\"contentUrl\":\"https:\\\/\\\/i0.wp.com\\\/condat-cantal-peche.com\\\/wp-content\\\/uploads\\\/2022\\\/02\\\/cropped-Logo_RECTIFIE-AAPPMA_Condat_en_long_v2-3.jpg?fit=2325%2C917&ssl=1\",\"width\":2325,\"height\":917,\"caption\":\"AAPPMA de Condat - Rhue &amp; Santoire\"},\"image\":{\"@id\":\"https:\\\/\\\/condat-cantal-peche.com\\\/#\\\/schema\\\/logo\\\/image\\\/\"}}]}<\/script>\n<!-- \/ Yoast SEO plugin. -->","yoast_head_json":{"title":"Notre \u00e9quipe - AAPPMA de Condat - Rhue &amp; Santoire","description":"D\u00e9couvrez notre \u00e9quipe de l'AAPPMA de Condat, une association de p\u00eache situ\u00e9e dans le nord du Cantal, au coeur de l'Auvergne.","robots":{"index":"index","follow":"follow","max-snippet":"max-snippet:-1","max-image-preview":"max-image-preview:large","max-video-preview":"max-video-preview:-1"},"canonical":"https:\/\/condat-cantal-peche.com\/index.php\/equipe-de-laappma-de-condat\/","og_locale":"fr_FR","og_type":"article","og_title":"\u00e9quipe de l'AAPPMA de Condat","og_description":"D\u00e9couvrez notre \u00e9quipe de l'AAPPMA de Condat, une association de p\u00eache situ\u00e9e dans le nord du Cantal, au coeur de l'Auvergne.","og_url":"https:\/\/condat-cantal-peche.com\/index.php\/equipe-de-laappma-de-condat\/","og_site_name":"AAPPMA de Condat - Rhue &amp; Santoire","article_modified_time":"2024-12-08T17:09:35+00:00","og_image":[{"width":2325,"height":917,"url":"https:\/\/condat-cantal-peche.com\/wp-content\/uploads\/2022\/02\/Logo_RECTIFIE-AAPPMA_Condat_en_long_v2.jpg","type":"image\/jpeg"}],"twitter_card":"summary_large_image","twitter_misc":{"Dur\u00e9e de lecture estim\u00e9e":"2 minutes"},"schema":{"@context":"https:\/\/schema.org","@graph":[{"@type":"WebPage","@id":"https:\/\/condat-cantal-peche.com\/index.php\/equipe-de-laappma-de-condat\/","url":"https:\/\/condat-cantal-peche.com\/index.php\/equipe-de-laappma-de-condat\/","name":"Notre \u00e9quipe - AAPPMA de Condat - Rhue &amp; Santoire","isPartOf":{"@id":"https:\/\/condat-cantal-peche.com\/#website"},"primaryImageOfPage":{"@id":"https:\/\/condat-cantal-peche.com\/index.php\/equipe-de-laappma-de-condat\/#primaryimage"},"image":{"@id":"https:\/\/condat-cantal-peche.com\/index.php\/equipe-de-laappma-de-condat\/#primaryimage"},"thumbnailUrl":"http:\/\/condat-cantal-peche.com\/wp-content\/uploads\/2022\/02\/IMG_20200223_094634-1024x768.jpg","datePublished":"2022-02-26T12:49:52+00:00","dateModified":"2024-12-08T17:09:35+00:00","description":"D\u00e9couvrez notre \u00e9quipe de l'AAPPMA de Condat, une association de p\u00eache situ\u00e9e dans le nord du Cantal, au coeur de l'Auvergne.","breadcrumb":{"@id":"https:\/\/condat-cantal-peche.com\/index.php\/equipe-de-laappma-de-condat\/#breadcrumb"},"inLanguage":"fr-FR","potentialAction":[{"@type":"ReadAction","target":["https:\/\/condat-cantal-peche.com\/index.php\/equipe-de-laappma-de-condat\/"]}]},{"@type":"ImageObject","inLanguage":"fr-FR","@id":"https:\/\/condat-cantal-peche.com\/index.php\/equipe-de-laappma-de-condat\/#primaryimage","url":"http:\/\/condat-cantal-peche.com\/wp-content\/uploads\/2022\/02\/IMG_20200223_094634-1024x768.jpg","contentUrl":"http:\/\/condat-cantal-peche.com\/wp-content\/uploads\/2022\/02\/IMG_20200223_094634-1024x768.jpg"},{"@type":"BreadcrumbList","@id":"https:\/\/condat-cantal-peche.com\/index.php\/equipe-de-laappma-de-condat\/#breadcrumb","itemListElement":[{"@type":"ListItem","position":1,"name":"Accueil","item":"https:\/\/condat-cantal-peche.com\/"},{"@type":"ListItem","position":2,"name":"Notre \u00e9quipe"}]},{"@type":"WebSite","@id":"https:\/\/condat-cantal-peche.com\/#website","url":"https:\/\/condat-cantal-peche.com\/","name":"AAPPMA de Condat - Rhue &amp; Santoire","description":"La p\u00eache dans le Cantal","publisher":{"@id":"https:\/\/condat-cantal-peche.com\/#organization"},"potentialAction":[{"@type":"SearchAction","target":{"@type":"EntryPoint","urlTemplate":"https:\/\/condat-cantal-peche.com\/?s={search_term_string}"},"query-input":{"@type":"PropertyValueSpecification","valueRequired":true,"valueName":"search_term_string"}}],"inLanguage":"fr-FR"},{"@type":"Organization","@id":"https:\/\/condat-cantal-peche.com\/#organization","name":"AAPPMA de Condat - Rhue &amp; Santoire","url":"https:\/\/condat-cantal-peche.com\/","logo":{"@type":"ImageObject","inLanguage":"fr-FR","@id":"https:\/\/condat-cantal-peche.com\/#\/schema\/logo\/image\/","url":"https:\/\/i0.wp.com\/condat-cantal-peche.com\/wp-content\/uploads\/2022\/02\/cropped-Logo_RECTIFIE-AAPPMA_Condat_en_long_v2-3.jpg?fit=2325%2C917&ssl=1","contentUrl":"https:\/\/i0.wp.com\/condat-cantal-peche.com\/wp-content\/uploads\/2022\/02\/cropped-Logo_RECTIFIE-AAPPMA_Condat_en_long_v2-3.jpg?fit=2325%2C917&ssl=1","width":2325,"height":917,"caption":"AAPPMA de Condat - Rhue &amp; Santoire"},"image":{"@id":"https:\/\/condat-cantal-peche.com\/#\/schema\/logo\/image\/"}}]}},"jetpack_sharing_enabled":true,"jetpack_likes_enabled":true,"_links":{"self":[{"href":"https:\/\/condat-cantal-peche.com\/index.php\/wp-json\/wp\/v2\/pages\/37","targetHints":{"allow":["GET"]}}],"collection":[{"href":"https:\/\/condat-cantal-peche.com\/index.php\/wp-json\/wp\/v2\/pages"}],"about":[{"href":"https:\/\/condat-cantal-peche.com\/index.php\/wp-json\/wp\/v2\/types\/page"}],"author":[{"embeddable":true,"href":"https:\/\/condat-cantal-peche.com\/index.php\/wp-json\/wp\/v2\/users\/1"}],"replies":[{"embeddable":true,"href":"https:\/\/condat-cantal-peche.com\/index.php\/wp-json\/wp\/v2\/comments?post=37"}],"version-history":[{"count":8,"href":"https:\/\/condat-cantal-peche.com\/index.php\/wp-json\/wp\/v2\/pages\/37\/revisions"}],"predecessor-version":[{"id":377,"href":"https:\/\/condat-cantal-peche.com\/index.php\/wp-json\/wp\/v2\/pages\/37\/revisions\/377"}],"wp:attachment":[{"href":"https:\/\/condat-cantal-peche.com\/index.php\/wp-json\/wp\/v2\/media?parent=37"}],"curies":[{"name":"wp","href":"https:\/\/api.w.org\/{rel}","templated":true}]}}