{"id":331,"date":"2022-05-03T19:06:02","date_gmt":"2022-05-03T17:06:02","guid":{"rendered":"https:\/\/condat-cantal-peche.com\/?post_type=product&#038;p=331"},"modified":"2022-05-04T15:37:15","modified_gmt":"2022-05-04T13:37:15","slug":"casquette-brodee-noire-blanche","status":"publish","type":"product","link":"https:\/\/condat-cantal-peche.com\/index.php\/produit\/casquette-brodee-noire-blanche\/","title":{"rendered":"Casquette brod\u00e9e &#8211; NOIRE &#038; BLANCHE"},"content":{"rendered":"<p><img data-recalc-dims=\"1\" loading=\"lazy\" decoding=\"async\" class=\"wp-image-327 size-medium alignleft\" src=\"https:\/\/i0.wp.com\/condat-cantal-peche.com\/wp-content\/uploads\/2022\/05\/v2-casquette-format-NOUVELLE-CASQUETTE-NOIR.jpg?resize=300%2C300&#038;ssl=1\" alt=\"\" width=\"300\" height=\"300\" srcset=\"https:\/\/i0.wp.com\/condat-cantal-peche.com\/wp-content\/uploads\/2022\/05\/v2-casquette-format-NOUVELLE-CASQUETTE-NOIR.jpg?resize=300%2C300&amp;ssl=1 300w, https:\/\/i0.wp.com\/condat-cantal-peche.com\/wp-content\/uploads\/2022\/05\/v2-casquette-format-NOUVELLE-CASQUETTE-NOIR.jpg?resize=1024%2C1024&amp;ssl=1 1024w, https:\/\/i0.wp.com\/condat-cantal-peche.com\/wp-content\/uploads\/2022\/05\/v2-casquette-format-NOUVELLE-CASQUETTE-NOIR.jpg?resize=150%2C150&amp;ssl=1 150w, https:\/\/i0.wp.com\/condat-cantal-peche.com\/wp-content\/uploads\/2022\/05\/v2-casquette-format-NOUVELLE-CASQUETTE-NOIR.jpg?resize=768%2C768&amp;ssl=1 768w, https:\/\/i0.wp.com\/condat-cantal-peche.com\/wp-content\/uploads\/2022\/05\/v2-casquette-format-NOUVELLE-CASQUETTE-NOIR.jpg?resize=600%2C600&amp;ssl=1 600w, https:\/\/i0.wp.com\/condat-cantal-peche.com\/wp-content\/uploads\/2022\/05\/v2-casquette-format-NOUVELLE-CASQUETTE-NOIR.jpg?resize=100%2C100&amp;ssl=1 100w, https:\/\/i0.wp.com\/condat-cantal-peche.com\/wp-content\/uploads\/2022\/05\/v2-casquette-format-NOUVELLE-CASQUETTE-NOIR.jpg?w=1181&amp;ssl=1 1181w\" sizes=\"auto, (max-width: 300px) 100vw, 300px\" \/><\/p>\n<p data-wp-editing=\"1\"><strong>Casquette brod\u00e9e &#8211; NOIRE &amp; BLANCHE<\/strong>. Uni sexe. Taille Unique.<\/p>\n<p>Les casquettes signature de l&rsquo;AAPPMA de Condat dans le Cantal. Des casquettes styl\u00e9es pour tous les p\u00eacheurs. Nous vous proposons ici la Casquette brod\u00e9e &#8211; NOIRE &amp; BLANCHE, il en existe 3 autreS dans la m\u00eame gamme. D&rsquo;autres casquettes floqu\u00e9es sont aussi disponibles. Consultez notre boutique en ligne pour d\u00e9couvrir tous nos produits \u00e0 l&rsquo;effigie de notre association.<\/p>\n<p>Vous \u00eates adh\u00e9rents de l&rsquo;AAPPMA, vous b\u00e9n\u00e9ficiez donc de -20% sur tous nos produits vestimentaires de la boutique en ligne.<\/p>\n<p>Utilisez le <strong>code promo ADHERENT (une v\u00e9rification de chaque adh\u00e9sion sera faite avant validation de la commande en interne).<\/strong><\/p>\n<p>En 2021, l&rsquo;association de p\u00eache AAPPMA de Condat a lanc\u00e9 une gamme de casquettes signature. Cette op\u00e9ration est destin\u00e9e \u00e0 r\u00e9colter quelques fonds suppl\u00e9mentaires pour financer nos actions annuelles. Bas\u00e9e dans le Nord du Cantal, nous disposons donc d&rsquo;un terrain de p\u00eache exceptionnel sur le plus grand volcan d&rsquo;Europe. Nous sommes une association dynamique qui \u0153uvre ainsi tout au long de l&rsquo;ann\u00e9e pour la <a href=\"https:\/\/condat-cantal-peche.com\/index.php\/aappma-de-condat-rhue-et-santoire-2\/\">pr\u00e9servation des milieux aquatiques<\/a>. Nous menons des actions diverses et vari\u00e9es. Une \u00e9cole de p\u00eache existe sur le territoire de l&rsquo;AAPPMa de Condat. N&rsquo;h\u00e9sitez pas \u00e0 consulter notre page d\u00e9di\u00e9e pour faciliter l&rsquo;apprentissage des plus jeunes. Retrouvez toutes nos actualit\u00e9s sur <a href=\"https:\/\/www.facebook.com\/aappmacondatrhueetsantoire\">notre page Facebook<\/a>.<\/p>\n<p>&nbsp;<\/p>\n","protected":false},"excerpt":{"rendered":"<p>Les casquettes signature de l&rsquo;AAPPMA de Condat dans le Cantal.<\/p>\n","protected":false},"featured_media":327,"comment_status":"open","ping_status":"closed","template":"","meta":{"jetpack_publicize_message":"","jetpack_publicize_feature_enabled":true,"jetpack_social_post_already_shared":true,"jetpack_social_options":{"image_generator_settings":{"template":"highway","default_image_id":0,"font":"","enabled":false},"version":2}},"product_cat":[24],"product_tag":[],"class_list":{"0":"post-331","1":"product","2":"type-product","3":"status-publish","4":"has-post-thumbnail","6":"product_cat-casquette","8":"first","9":"instock","10":"taxable","11":"shipping-taxable","12":"purchasable","13":"product-type-simple"},"yoast_head":"<!-- This site is optimized with the Yoast SEO plugin v27.5 - https:\/\/yoast.com\/product\/yoast-seo-wordpress\/ -->\n<title>Casquette brod\u00e9e - NOIRE &amp; BLANCHE - AAPPMA de Condat - Rhue &amp; Santoire<\/title>\n<meta name=\"description\" content=\"Casquette NOIRE &amp; BLANCHE et brod\u00e9e de l&#039;AAPPMA de Condat dans le nord du Cantal en Auvergne, au coeur des volcans.\" \/>\n<meta name=\"robots\" content=\"index, follow, max-snippet:-1, max-image-preview:large, max-video-preview:-1\" \/>\n<link rel=\"canonical\" href=\"https:\/\/condat-cantal-peche.com\/index.php\/produit\/casquette-brodee-noire-blanche\/\" \/>\n<meta property=\"og:locale\" content=\"fr_FR\" \/>\n<meta property=\"og:type\" content=\"article\" \/>\n<meta property=\"og:title\" content=\"Casquette brod\u00e9e - NOIRE &amp; BLANCHE - AAPPMA de Condat - Rhue &amp; Santoire\" \/>\n<meta property=\"og:description\" content=\"Casquette NOIRE &amp; BLANCHE et brod\u00e9e de l&#039;AAPPMA de Condat dans le nord du Cantal en Auvergne, au coeur des volcans.\" \/>\n<meta property=\"og:url\" content=\"https:\/\/condat-cantal-peche.com\/index.php\/produit\/casquette-brodee-noire-blanche\/\" \/>\n<meta property=\"og:site_name\" content=\"AAPPMA de Condat - Rhue &amp; Santoire\" \/>\n<meta property=\"article:modified_time\" content=\"2022-05-04T13:37:15+00:00\" \/>\n<meta property=\"og:image\" content=\"https:\/\/condat-cantal-peche.com\/wp-content\/uploads\/2022\/05\/v2-casquette-format-NOUVELLE-CASQUETTE-NOIR.jpg\" \/>\n\t<meta property=\"og:image:width\" content=\"1181\" \/>\n\t<meta property=\"og:image:height\" content=\"1181\" \/>\n\t<meta property=\"og:image:type\" content=\"image\/jpeg\" \/>\n<meta name=\"twitter:card\" content=\"summary_large_image\" \/>\n<meta name=\"twitter:label1\" content=\"Dur\u00e9e de lecture estim\u00e9e\" \/>\n\t<meta name=\"twitter:data1\" content=\"1 minute\" \/>\n<script type=\"application\/ld+json\" class=\"yoast-schema-graph\">{\"@context\":\"https:\\\/\\\/schema.org\",\"@graph\":[{\"@type\":\"WebPage\",\"@id\":\"https:\\\/\\\/condat-cantal-peche.com\\\/index.php\\\/produit\\\/casquette-brodee-noire-blanche\\\/\",\"url\":\"https:\\\/\\\/condat-cantal-peche.com\\\/index.php\\\/produit\\\/casquette-brodee-noire-blanche\\\/\",\"name\":\"Casquette brod\u00e9e - NOIRE & BLANCHE - AAPPMA de Condat - Rhue &amp; Santoire\",\"isPartOf\":{\"@id\":\"https:\\\/\\\/condat-cantal-peche.com\\\/#website\"},\"primaryImageOfPage\":{\"@id\":\"https:\\\/\\\/condat-cantal-peche.com\\\/index.php\\\/produit\\\/casquette-brodee-noire-blanche\\\/#primaryimage\"},\"image\":{\"@id\":\"https:\\\/\\\/condat-cantal-peche.com\\\/index.php\\\/produit\\\/casquette-brodee-noire-blanche\\\/#primaryimage\"},\"thumbnailUrl\":\"https:\\\/\\\/i0.wp.com\\\/condat-cantal-peche.com\\\/wp-content\\\/uploads\\\/2022\\\/05\\\/v2-casquette-format-NOUVELLE-CASQUETTE-NOIR.jpg?fit=1181%2C1181&ssl=1\",\"datePublished\":\"2022-05-03T17:06:02+00:00\",\"dateModified\":\"2022-05-04T13:37:15+00:00\",\"description\":\"Casquette NOIRE & BLANCHE et brod\u00e9e de l'AAPPMA de Condat dans le nord du Cantal en Auvergne, au coeur des volcans.\",\"breadcrumb\":{\"@id\":\"https:\\\/\\\/condat-cantal-peche.com\\\/index.php\\\/produit\\\/casquette-brodee-noire-blanche\\\/#breadcrumb\"},\"inLanguage\":\"fr-FR\",\"potentialAction\":[{\"@type\":\"ReadAction\",\"target\":[\"https:\\\/\\\/condat-cantal-peche.com\\\/index.php\\\/produit\\\/casquette-brodee-noire-blanche\\\/\"]}]},{\"@type\":\"ImageObject\",\"inLanguage\":\"fr-FR\",\"@id\":\"https:\\\/\\\/condat-cantal-peche.com\\\/index.php\\\/produit\\\/casquette-brodee-noire-blanche\\\/#primaryimage\",\"url\":\"https:\\\/\\\/i0.wp.com\\\/condat-cantal-peche.com\\\/wp-content\\\/uploads\\\/2022\\\/05\\\/v2-casquette-format-NOUVELLE-CASQUETTE-NOIR.jpg?fit=1181%2C1181&ssl=1\",\"contentUrl\":\"https:\\\/\\\/i0.wp.com\\\/condat-cantal-peche.com\\\/wp-content\\\/uploads\\\/2022\\\/05\\\/v2-casquette-format-NOUVELLE-CASQUETTE-NOIR.jpg?fit=1181%2C1181&ssl=1\",\"width\":1181,\"height\":1181},{\"@type\":\"BreadcrumbList\",\"@id\":\"https:\\\/\\\/condat-cantal-peche.com\\\/index.php\\\/produit\\\/casquette-brodee-noire-blanche\\\/#breadcrumb\",\"itemListElement\":[{\"@type\":\"ListItem\",\"position\":1,\"name\":\"Accueil\",\"item\":\"https:\\\/\\\/condat-cantal-peche.com\\\/\"},{\"@type\":\"ListItem\",\"position\":2,\"name\":\"Casquette brod\u00e9e &#8211; NOIRE &#038; BLANCHE\"}]},{\"@type\":\"WebSite\",\"@id\":\"https:\\\/\\\/condat-cantal-peche.com\\\/#website\",\"url\":\"https:\\\/\\\/condat-cantal-peche.com\\\/\",\"name\":\"AAPPMA de Condat - Rhue &amp; Santoire\",\"description\":\"La p\u00eache dans le Cantal\",\"publisher\":{\"@id\":\"https:\\\/\\\/condat-cantal-peche.com\\\/#organization\"},\"potentialAction\":[{\"@type\":\"SearchAction\",\"target\":{\"@type\":\"EntryPoint\",\"urlTemplate\":\"https:\\\/\\\/condat-cantal-peche.com\\\/?s={search_term_string}\"},\"query-input\":{\"@type\":\"PropertyValueSpecification\",\"valueRequired\":true,\"valueName\":\"search_term_string\"}}],\"inLanguage\":\"fr-FR\"},{\"@type\":\"Organization\",\"@id\":\"https:\\\/\\\/condat-cantal-peche.com\\\/#organization\",\"name\":\"AAPPMA de Condat - Rhue &amp; Santoire\",\"url\":\"https:\\\/\\\/condat-cantal-peche.com\\\/\",\"logo\":{\"@type\":\"ImageObject\",\"inLanguage\":\"fr-FR\",\"@id\":\"https:\\\/\\\/condat-cantal-peche.com\\\/#\\\/schema\\\/logo\\\/image\\\/\",\"url\":\"https:\\\/\\\/i0.wp.com\\\/condat-cantal-peche.com\\\/wp-content\\\/uploads\\\/2022\\\/02\\\/cropped-Logo_RECTIFIE-AAPPMA_Condat_en_long_v2-3.jpg?fit=2325%2C917&ssl=1\",\"contentUrl\":\"https:\\\/\\\/i0.wp.com\\\/condat-cantal-peche.com\\\/wp-content\\\/uploads\\\/2022\\\/02\\\/cropped-Logo_RECTIFIE-AAPPMA_Condat_en_long_v2-3.jpg?fit=2325%2C917&ssl=1\",\"width\":2325,\"height\":917,\"caption\":\"AAPPMA de Condat - Rhue &amp; Santoire\"},\"image\":{\"@id\":\"https:\\\/\\\/condat-cantal-peche.com\\\/#\\\/schema\\\/logo\\\/image\\\/\"}}]}<\/script>\n<!-- \/ Yoast SEO plugin. -->","yoast_head_json":{"title":"Casquette brod\u00e9e - NOIRE & BLANCHE - AAPPMA de Condat - Rhue &amp; Santoire","description":"Casquette NOIRE & BLANCHE et brod\u00e9e de l'AAPPMA de Condat dans le nord du Cantal en Auvergne, au coeur des volcans.","robots":{"index":"index","follow":"follow","max-snippet":"max-snippet:-1","max-image-preview":"max-image-preview:large","max-video-preview":"max-video-preview:-1"},"canonical":"https:\/\/condat-cantal-peche.com\/index.php\/produit\/casquette-brodee-noire-blanche\/","og_locale":"fr_FR","og_type":"article","og_title":"Casquette brod\u00e9e - NOIRE & BLANCHE - AAPPMA de Condat - Rhue &amp; Santoire","og_description":"Casquette NOIRE & BLANCHE et brod\u00e9e de l'AAPPMA de Condat dans le nord du Cantal en Auvergne, au coeur des volcans.","og_url":"https:\/\/condat-cantal-peche.com\/index.php\/produit\/casquette-brodee-noire-blanche\/","og_site_name":"AAPPMA de Condat - Rhue &amp; Santoire","article_modified_time":"2022-05-04T13:37:15+00:00","og_image":[{"width":1181,"height":1181,"url":"https:\/\/condat-cantal-peche.com\/wp-content\/uploads\/2022\/05\/v2-casquette-format-NOUVELLE-CASQUETTE-NOIR.jpg","type":"image\/jpeg"}],"twitter_card":"summary_large_image","twitter_misc":{"Dur\u00e9e de lecture estim\u00e9e":"1 minute"},"schema":{"@context":"https:\/\/schema.org","@graph":[{"@type":"WebPage","@id":"https:\/\/condat-cantal-peche.com\/index.php\/produit\/casquette-brodee-noire-blanche\/","url":"https:\/\/condat-cantal-peche.com\/index.php\/produit\/casquette-brodee-noire-blanche\/","name":"Casquette brod\u00e9e - NOIRE & BLANCHE - AAPPMA de Condat - Rhue &amp; Santoire","isPartOf":{"@id":"https:\/\/condat-cantal-peche.com\/#website"},"primaryImageOfPage":{"@id":"https:\/\/condat-cantal-peche.com\/index.php\/produit\/casquette-brodee-noire-blanche\/#primaryimage"},"image":{"@id":"https:\/\/condat-cantal-peche.com\/index.php\/produit\/casquette-brodee-noire-blanche\/#primaryimage"},"thumbnailUrl":"https:\/\/i0.wp.com\/condat-cantal-peche.com\/wp-content\/uploads\/2022\/05\/v2-casquette-format-NOUVELLE-CASQUETTE-NOIR.jpg?fit=1181%2C1181&ssl=1","datePublished":"2022-05-03T17:06:02+00:00","dateModified":"2022-05-04T13:37:15+00:00","description":"Casquette NOIRE & BLANCHE et brod\u00e9e de l'AAPPMA de Condat dans le nord du Cantal en Auvergne, au coeur des volcans.","breadcrumb":{"@id":"https:\/\/condat-cantal-peche.com\/index.php\/produit\/casquette-brodee-noire-blanche\/#breadcrumb"},"inLanguage":"fr-FR","potentialAction":[{"@type":"ReadAction","target":["https:\/\/condat-cantal-peche.com\/index.php\/produit\/casquette-brodee-noire-blanche\/"]}]},{"@type":"ImageObject","inLanguage":"fr-FR","@id":"https:\/\/condat-cantal-peche.com\/index.php\/produit\/casquette-brodee-noire-blanche\/#primaryimage","url":"https:\/\/i0.wp.com\/condat-cantal-peche.com\/wp-content\/uploads\/2022\/05\/v2-casquette-format-NOUVELLE-CASQUETTE-NOIR.jpg?fit=1181%2C1181&ssl=1","contentUrl":"https:\/\/i0.wp.com\/condat-cantal-peche.com\/wp-content\/uploads\/2022\/05\/v2-casquette-format-NOUVELLE-CASQUETTE-NOIR.jpg?fit=1181%2C1181&ssl=1","width":1181,"height":1181},{"@type":"BreadcrumbList","@id":"https:\/\/condat-cantal-peche.com\/index.php\/produit\/casquette-brodee-noire-blanche\/#breadcrumb","itemListElement":[{"@type":"ListItem","position":1,"name":"Accueil","item":"https:\/\/condat-cantal-peche.com\/"},{"@type":"ListItem","position":2,"name":"Casquette brod\u00e9e &#8211; NOIRE &#038; BLANCHE"}]},{"@type":"WebSite","@id":"https:\/\/condat-cantal-peche.com\/#website","url":"https:\/\/condat-cantal-peche.com\/","name":"AAPPMA de Condat - Rhue &amp; Santoire","description":"La p\u00eache dans le Cantal","publisher":{"@id":"https:\/\/condat-cantal-peche.com\/#organization"},"potentialAction":[{"@type":"SearchAction","target":{"@type":"EntryPoint","urlTemplate":"https:\/\/condat-cantal-peche.com\/?s={search_term_string}"},"query-input":{"@type":"PropertyValueSpecification","valueRequired":true,"valueName":"search_term_string"}}],"inLanguage":"fr-FR"},{"@type":"Organization","@id":"https:\/\/condat-cantal-peche.com\/#organization","name":"AAPPMA de Condat - Rhue &amp; Santoire","url":"https:\/\/condat-cantal-peche.com\/","logo":{"@type":"ImageObject","inLanguage":"fr-FR","@id":"https:\/\/condat-cantal-peche.com\/#\/schema\/logo\/image\/","url":"https:\/\/i0.wp.com\/condat-cantal-peche.com\/wp-content\/uploads\/2022\/02\/cropped-Logo_RECTIFIE-AAPPMA_Condat_en_long_v2-3.jpg?fit=2325%2C917&ssl=1","contentUrl":"https:\/\/i0.wp.com\/condat-cantal-peche.com\/wp-content\/uploads\/2022\/02\/cropped-Logo_RECTIFIE-AAPPMA_Condat_en_long_v2-3.jpg?fit=2325%2C917&ssl=1","width":2325,"height":917,"caption":"AAPPMA de Condat - Rhue &amp; Santoire"},"image":{"@id":"https:\/\/condat-cantal-peche.com\/#\/schema\/logo\/image\/"}}]}},"jetpack_publicize_connections":[],"jetpack_sharing_enabled":true,"jetpack_likes_enabled":true,"_links":{"self":[{"href":"https:\/\/condat-cantal-peche.com\/index.php\/wp-json\/wp\/v2\/product\/331","targetHints":{"allow":["GET"]}}],"collection":[{"href":"https:\/\/condat-cantal-peche.com\/index.php\/wp-json\/wp\/v2\/product"}],"about":[{"href":"https:\/\/condat-cantal-peche.com\/index.php\/wp-json\/wp\/v2\/types\/product"}],"replies":[{"embeddable":true,"href":"https:\/\/condat-cantal-peche.com\/index.php\/wp-json\/wp\/v2\/comments?post=331"}],"wp:featuredmedia":[{"embeddable":true,"href":"https:\/\/condat-cantal-peche.com\/index.php\/wp-json\/wp\/v2\/media\/327"}],"wp:attachment":[{"href":"https:\/\/condat-cantal-peche.com\/index.php\/wp-json\/wp\/v2\/media?parent=331"}],"wp:term":[{"taxonomy":"product_cat","embeddable":true,"href":"https:\/\/condat-cantal-peche.com\/index.php\/wp-json\/wp\/v2\/product_cat?post=331"},{"taxonomy":"product_tag","embeddable":true,"href":"https:\/\/condat-cantal-peche.com\/index.php\/wp-json\/wp\/v2\/product_tag?post=331"}],"curies":[{"name":"wp","href":"https:\/\/api.w.org\/{rel}","templated":true}]}}